{"id":13,"date":"2025-08-11T13:41:28","date_gmt":"2025-08-11T13:41:28","guid":{"rendered":"https:\/\/magnet.digital2go.de\/?page_id=13"},"modified":"2025-08-20T15:10:17","modified_gmt":"2025-08-20T15:10:17","slug":"startseite","status":"publish","type":"page","link":"https:\/\/www.magnet-ruhrgebiet.de\/","title":{"rendered":"Start"},"content":{"rendered":"<p>[et_pb_section fb_built=&#8220;1&#8243; _builder_version=&#8220;4.27.4&#8243; _module_preset=&#8220;default&#8220; global_colors_info=&#8220;{}&#8220;][et_pb_row column_structure=&#8220;1_2,1_2&#8243; _builder_version=&#8220;4.27.4&#8243; _module_preset=&#8220;default&#8220; width=&#8220;95%&#8220; max_width=&#8220;2560px&#8220; custom_margin=&#8220;-45px||0px||false|false&#8220; custom_css_free_form=&#8220;.et_pb_row {||  position: relative;||}&#8220; global_colors_info=&#8220;{}&#8220;][et_pb_column type=&#8220;1_2&#8243; _builder_version=&#8220;4.27.4&#8243; _module_preset=&#8220;default&#8220; global_colors_info=&#8220;{}&#8220;][et_pb_button button_url=&#8220;https:\/\/www.magnet-ruhrgebiet.de\/?page_id=23&#8243; button_text=&#8220;Bewerben&#8220; button_alignment=&#8220;left&#8220; admin_label=&#8220;Button&#8220; _builder_version=&#8220;4.27.4&#8243; _module_preset=&#8220;default&#8220; custom_margin=&#8220;||-9px||false|false&#8220; custom_padding=&#8220;82px|||43px|false|false&#8220; custom_css_free_form=&#8220;.et_pb_button {||  position: absolute;||  top: 48px; ||  left: 68%;||    width: 200px;||    height: 200px;||    border-radius: 50%;||    background: linear-gradient(135deg, ||    #d6a3f1 10%,||    #f6b2c0 65%,  ||    #fce8b2 100%  ||);||   transition: background 0.4s ease, filter 0.4s ease;||    border: none;||    z-index: 999;||    cursor: pointer;||    display: flex;||    align-items: center;||    justify-content: center;||    font-size: 22px;||    font-weight: 300;||    color: #282626;||    letter-spacing: 2px;||    font-family: sans-serif;||    box-shadow: 0 4px 15px rgba(212, 162, 209, 0.3);||}||||.et_pb_button:hover {||    background: linear-gradient(135deg, ||    #cba1e0 10%, ||    #f3aebc 65%, ||    #f8e2aa 100% ||  );||  filter: brightness(0.96) contrast(1.05);||  border: none !important;||}||||.et_pb_button:after {||  display: none !important;||  border: none !important;||}||&#8220; global_colors_info=&#8220;{}&#8220;][\/et_pb_button][et_pb_image src=&#8220;https:\/\/www.magnet-ruhrgebiet.de\/wp-content\/uploads\/2025\/08\/Hande.png&#8220; alt=&#8220;Bild-1&#8243; align_tablet=&#8220;center&#8220; align_phone=&#8220;center&#8220; align_last_edited=&#8220;on|tablet&#8220; module_class=&#8220;banner-bild&#8220; _builder_version=&#8220;4.27.4&#8243; _module_preset=&#8220;default&#8220; width=&#8220;100%&#8220; width_tablet=&#8220;&#8220; width_phone=&#8220;&#8220; width_last_edited=&#8220;on|desktop&#8220; max_width_last_edited=&#8220;off|tablet&#8220; module_alignment=&#8220;center&#8220; height_tablet=&#8220;620px&#8220; height_phone=&#8220;380px&#8220; height_last_edited=&#8220;on|phone&#8220; module_alignment_last_edited=&#8220;off|tablet&#8220; global_colors_info=&#8220;{}&#8220;][\/et_pb_image][\/et_pb_column][et_pb_column type=&#8220;1_2&#8243; _builder_version=&#8220;4.27.4&#8243; _module_preset=&#8220;default&#8220; global_colors_info=&#8220;{}&#8220;][et_pb_blurb title=&#8220;Netzwerk f\u00fcr soziales Engagement&#8220; use_icon=&#8220;on&#8220; font_icon=&#8220;&#xe031;||divi||400&#8243; icon_color=&#8220;#4c649c&#8220; icon_placement=&#8220;left&#8220; image_icon_width=&#8220;50px&#8220; content_max_width=&#8220;450px&#8220; image_icon_width_tablet=&#8220;50px&#8220; image_icon_width_phone=&#8220;40px&#8220; image_icon_width_last_edited=&#8220;on|phone&#8220; _builder_version=&#8220;4.27.4&#8243; _module_preset=&#8220;default&#8220; header_level=&#8220;h1&#8243; header_font=&#8220;|300||on|||||&#8220; header_font_size=&#8220;22px&#8220; header_line_height=&#8220;1.2em&#8220; body_font=&#8220;|300|||||||&#8220; body_font_size=&#8220;18px&#8220; image_icon_custom_margin=&#8220;|30px|||false|false&#8220; image_icon_custom_margin_tablet=&#8220;|30px|||false|false&#8220; image_icon_custom_margin_phone=&#8220;|15px|||false|false&#8220; image_icon_custom_margin_last_edited=&#8220;on|phone&#8220; width=&#8220;90%&#8220; max_width=&#8220;100%&#8220; module_alignment=&#8220;left&#8220; min_height=&#8220;100px&#8220; height=&#8220;300px&#8220; max_height=&#8220;1000px&#8220; custom_margin=&#8220;0px||||false|false&#8220; custom_margin_tablet=&#8220;0px||||false|false&#8220; custom_margin_phone=&#8220;0px||||false|false&#8220; custom_margin_last_edited=&#8220;on|phone&#8220; custom_padding=&#8220;150px||0px||false|false&#8220; custom_padding_tablet=&#8220;50px||0px||false|false&#8220; custom_padding_phone=&#8220;35px||0px|10px|false|false&#8220; custom_padding_last_edited=&#8220;on|phone&#8220; header_font_size_tablet=&#8220;30px&#8220; header_font_size_phone=&#8220;26px&#8220; header_font_size_last_edited=&#8220;on|phone&#8220; body_font_size_tablet=&#8220;&#8220; body_font_size_phone=&#8220;18px&#8220; body_font_size_last_edited=&#8220;on|phone&#8220; global_colors_info=&#8220;{}&#8220; custom_padding__hover_enabled=&#8220;on|desktop&#8220; custom_padding__hover=&#8220;150px||0px||false|false&#8220;]<\/p>\n<p><span>Magnet Ruhrgebiet e.V. m\u00f6chte besonders die Menschen anziehen und einbeziehen, die konkrete Ideen realisieren wollen.<\/span><\/p>\n<p>[\/et_pb_blurb][et_pb_blurb title=&#8220;Die Spezialisten f\u00fcr Ambulantes Betreutes Wohnen&#8220; use_icon=&#8220;on&#8220; font_icon=&#8220;&#xe031;||divi||400&#8243; icon_color=&#8220;#4c649c&#8220; icon_placement=&#8220;left&#8220; image_icon_width=&#8220;50px&#8220; content_max_width=&#8220;450px&#8220; image_icon_width_tablet=&#8220;50px&#8220; image_icon_width_phone=&#8220;40px&#8220; image_icon_width_last_edited=&#8220;on|phone&#8220; _builder_version=&#8220;4.27.4&#8243; _module_preset=&#8220;default&#8220; header_level=&#8220;h1&#8243; header_font=&#8220;|300||on|||||&#8220; header_font_size=&#8220;22px&#8220; header_line_height=&#8220;1.2em&#8220; body_font=&#8220;|300|||||||&#8220; body_font_size=&#8220;18px&#8220; image_icon_custom_margin=&#8220;|30px|||false|false&#8220; image_icon_custom_margin_tablet=&#8220;|30px|||false|false&#8220; image_icon_custom_margin_phone=&#8220;|15px|||false|false&#8220; image_icon_custom_margin_last_edited=&#8220;on|phone&#8220; width=&#8220;90%&#8220; max_width=&#8220;100%&#8220; module_alignment=&#8220;left&#8220; min_height=&#8220;100px&#8220; height=&#8220;300px&#8220; max_height=&#8220;1000px&#8220; custom_margin=&#8220;||||false|false&#8220; custom_padding=&#8220;100px||0px||false|false&#8220; custom_padding_tablet=&#8220;0px||0px||false|false&#8220; custom_padding_phone=&#8220;0px|||10px|false|false&#8220; custom_padding_last_edited=&#8220;on|phone&#8220; header_font_size_tablet=&#8220;30px&#8220; header_font_size_phone=&#8220;26px&#8220; header_font_size_last_edited=&#8220;on|phone&#8220; body_font_size_tablet=&#8220;&#8220; body_font_size_phone=&#8220;18px&#8220; body_font_size_last_edited=&#8220;on|phone&#8220; global_colors_info=&#8220;{}&#8220;]<\/p>\n<p><span>Magnet Ruhrgebiet e.V. unterst\u00fctzt Menschen mit einer psychischen Erkrankung dabei, ein eigenst\u00e4ndiges Leben zu f\u00fchren und ihren Alltag zu bew\u00e4ltigen.<\/span><\/p>\n<p>[\/et_pb_blurb][\/et_pb_column][\/et_pb_row][et_pb_row _builder_version=&#8220;4.27.4&#8243; _module_preset=&#8220;default&#8220; background_color=&#8220;#f0f0f0&#8243; width=&#8220;100%&#8220; max_width=&#8220;2560px&#8220; height=&#8220;400px&#8220; height_tablet=&#8220;350px&#8220; height_phone=&#8220;300px&#8220; height_last_edited=&#8220;on|tablet&#8220; global_colors_info=&#8220;{}&#8220;][et_pb_column type=&#8220;4_4&#8243; _builder_version=&#8220;4.27.4&#8243; _module_preset=&#8220;default&#8220; global_colors_info=&#8220;{}&#8220;][et_pb_text _builder_version=&#8220;4.27.4&#8243; _module_preset=&#8220;default&#8220; text_font=&#8220;|300|||||||&#8220; background_enable_color=&#8220;off&#8220; text_orientation=&#8220;center&#8220; height_tablet=&#8220;&#8220; height_phone=&#8220;135px&#8220; height_last_edited=&#8220;on|phone&#8220; custom_margin=&#8220;0px||||false|false&#8220; custom_padding=&#8220;115px||||false|false&#8220; custom_padding_tablet=&#8220;85px|15px||15px|false|true&#8220; custom_padding_phone=&#8220;50px|25px||25px|false|true&#8220; custom_padding_last_edited=&#8220;on|tablet&#8220; text_font_size_tablet=&#8220;&#8220; text_font_size_phone=&#8220;20px&#8220; text_font_size_last_edited=&#8220;on|phone&#8220; header_font_size_tablet=&#8220;&#8220; header_font_size_phone=&#8220;&#8220; header_font_size_last_edited=&#8220;on|phone&#8220; global_colors_info=&#8220;{}&#8220;]<\/p>\n<p>&#8222;Leben ist das, was passiert, w\u00e4hrend du eifrig dabei bist, andere Pl\u00e4ne zu machen&#8230;&#8220;<\/p>\n<p>[\/et_pb_text][et_pb_heading title=&#8220;John Lennon&#8220; _builder_version=&#8220;4.27.4&#8243; _module_preset=&#8220;default&#8220; title_level=&#8220;h2&#8243; title_text_align=&#8220;center&#8220; hover_enabled=&#8220;0&#8243; global_colors_info=&#8220;{}&#8220; title_font_size=&#8220;26px&#8220; sticky_enabled=&#8220;0&#8243; custom_padding=&#8220;10px||||false|false&#8220; title_font_size_last_edited=&#8220;on|tablet&#8220; title_font_size_phone=&#8220;24px&#8220; title_font_size_tablet=&#8220;25px&#8220;][\/et_pb_heading][\/et_pb_column][\/et_pb_row][et_pb_row _builder_version=&#8220;4.27.4&#8243; _module_preset=&#8220;default&#8220; background_color=&#8220;#4c649c&#8220; width=&#8220;100%&#8220; max_width=&#8220;2560px&#8220; height=&#8220;700px&#8220; height_tablet=&#8220;570px&#8220; height_phone=&#8220;400px&#8220; height_last_edited=&#8220;on|tablet&#8220; global_colors_info=&#8220;{}&#8220;][et_pb_column type=&#8220;4_4&#8243; _builder_version=&#8220;4.27.4&#8243; _module_preset=&#8220;default&#8220; global_colors_info=&#8220;{}&#8220;][et_pb_heading title=&#8220;Magnet Ruhrgebiet E.V. Ihre Ansprechpartner&#8220; _builder_version=&#8220;4.27.4&#8243; _module_preset=&#8220;default&#8220; title_font=&#8220;|300||on|||||&#8220; title_text_align=&#8220;center&#8220; title_text_color=&#8220;#FFFFFF&#8220; title_font_size=&#8220;48px&#8220; width=&#8220;36%&#8220; module_alignment=&#8220;center&#8220; custom_padding=&#8220;155px||||false|false&#8220; custom_padding_tablet=&#8220;90px|30px||30px|false|true&#8220; custom_padding_phone=&#8220;49px||||false|false&#8220; custom_padding_last_edited=&#8220;on|tablet&#8220; title_font_size_tablet=&#8220;48px&#8220; title_font_size_phone=&#8220;28px&#8220; title_font_size_last_edited=&#8220;on|phone&#8220; global_colors_info=&#8220;{}&#8220;][\/et_pb_heading][et_pb_text _builder_version=&#8220;4.27.4&#8243; _module_preset=&#8220;default&#8220; text_font=&#8220;|300|||||||&#8220; text_text_color=&#8220;#FFFFFF&#8220; text_font_size=&#8220;20px&#8220; text_orientation=&#8220;center&#8220; custom_padding_tablet=&#8220;20px||||false|false&#8220; custom_padding_phone=&#8220;15px||||false|false&#8220; custom_padding_last_edited=&#8220;on|tablet&#8220; text_font_size_tablet=&#8220;20px&#8220; text_font_size_phone=&#8220;18px&#8220; text_font_size_last_edited=&#8220;on|phone&#8220; global_colors_info=&#8220;{}&#8220;]<\/p>\n<p>Am Krausen B\u00e4umchen 3<\/p>\n<p>45136 Essen<\/p>\n<p>[\/et_pb_text][et_pb_text _builder_version=&#8220;4.27.4&#8243; _module_preset=&#8220;default&#8220; text_font=&#8220;|300|||||||&#8220; text_text_color=&#8220;#FFFFFF&#8220; text_font_size=&#8220;20px&#8220; text_orientation=&#8220;center&#8220; custom_padding=&#8220;10px||||false|false&#8220; custom_padding_tablet=&#8220;10px||||false|false&#8220; custom_padding_phone=&#8220;5px||||false|false&#8220; custom_padding_last_edited=&#8220;on|phone&#8220; text_font_size_tablet=&#8220;20px&#8220; text_font_size_phone=&#8220;18px&#8220; text_font_size_last_edited=&#8220;on|phone&#8220; global_colors_info=&#8220;{}&#8220;]<\/p>\n<p>info@magnet-ruhrgebiet.de<\/p>\n<p>+49 201 7595825<\/p>\n<p>[\/et_pb_text][\/et_pb_column][\/et_pb_row][\/et_pb_section]<\/p>\n","protected":false},"excerpt":{"rendered":"<p>Magnet Ruhrgebiet e.V. m\u00f6chte besonders die Menschen anziehen und einbeziehen, die konkrete Ideen realisieren wollen.Magnet Ruhrgebiet e.V. unterst\u00fctzt Menschen mit einer psychischen Erkrankung dabei, ein eigenst\u00e4ndiges Leben zu f\u00fchren und ihren Alltag zu bew\u00e4ltigen.&#8220;Leben ist das, was passiert, w\u00e4hrend du eifrig dabei bist, andere Pl\u00e4ne zu machen&#8230;&#8220;Am Krausen B\u00e4umchen 3 45136 Esseninfo@magnet-ruhrgebiet.de +49 201 7595825<\/p>\n","protected":false},"author":4,"featured_media":0,"parent":0,"menu_order":0,"comment_status":"closed","ping_status":"closed","template":"","meta":{"_et_pb_use_builder":"on","_et_pb_old_content":"","_et_gb_content_width":"","footnotes":""},"class_list":["post-13","page","type-page","status-publish","hentry"],"_links":{"self":[{"href":"https:\/\/www.magnet-ruhrgebiet.de\/index.php?rest_route=\/wp\/v2\/pages\/13","targetHints":{"allow":["GET"]}}],"collection":[{"href":"https:\/\/www.magnet-ruhrgebiet.de\/index.php?rest_route=\/wp\/v2\/pages"}],"about":[{"href":"https:\/\/www.magnet-ruhrgebiet.de\/index.php?rest_route=\/wp\/v2\/types\/page"}],"author":[{"embeddable":true,"href":"https:\/\/www.magnet-ruhrgebiet.de\/index.php?rest_route=\/wp\/v2\/users\/4"}],"replies":[{"embeddable":true,"href":"https:\/\/www.magnet-ruhrgebiet.de\/index.php?rest_route=%2Fwp%2Fv2%2Fcomments&post=13"}],"version-history":[{"count":56,"href":"https:\/\/www.magnet-ruhrgebiet.de\/index.php?rest_route=\/wp\/v2\/pages\/13\/revisions"}],"predecessor-version":[{"id":400,"href":"https:\/\/www.magnet-ruhrgebiet.de\/index.php?rest_route=\/wp\/v2\/pages\/13\/revisions\/400"}],"wp:attachment":[{"href":"https:\/\/www.magnet-ruhrgebiet.de\/index.php?rest_route=%2Fwp%2Fv2%2Fmedia&parent=13"}],"curies":[{"name":"wp","href":"https:\/\/api.w.org\/{rel}","templated":true}]}}