{"id":23,"date":"2025-08-11T14:13:28","date_gmt":"2025-08-11T14:13:28","guid":{"rendered":"https:\/\/magnet.digital2go.de\/?page_id=23"},"modified":"2025-08-20T09:59:26","modified_gmt":"2025-08-20T09:59:26","slug":"stellenangebot","status":"publish","type":"page","link":"https:\/\/www.magnet-ruhrgebiet.de\/?page_id=23","title":{"rendered":"Stellenangebot"},"content":{"rendered":"<p>[et_pb_section fb_built=&#8220;1&#8243; _builder_version=&#8220;4.27.4&#8243; _module_preset=&#8220;default&#8220; background_image=&#8220;https:\/\/www.magnet-ruhrgebiet.de\/wp-content\/uploads\/2025\/08\/Bild8-scaled.png&#8220; height=&#8220;375px&#8220; hover_enabled=&#8220;0&#8243; global_colors_info=&#8220;{}&#8220; sticky_enabled=&#8220;0&#8243;][et_pb_row _builder_version=&#8220;4.27.4&#8243; _module_preset=&#8220;default&#8220; background_color=&#8220;#ffffff&#8220; z_index=&#8220;5&#8243; width=&#8220;55%&#8220; width_tablet=&#8220;65%&#8220; width_phone=&#8220;65%&#8220; width_last_edited=&#8220;on|tablet&#8220; max_width=&#8220;2560px&#8220; custom_margin=&#8220;80px||||false|false&#8220; custom_padding=&#8220;40px||40px||true|false&#8220; global_colors_info=&#8220;{}&#8220;][et_pb_column type=&#8220;4_4&#8243; _builder_version=&#8220;4.27.4&#8243; _module_preset=&#8220;default&#8220; global_colors_info=&#8220;{}&#8220;][et_pb_heading title=&#8220;Sozialarbeiter:in&#8220; _builder_version=&#8220;4.27.4&#8243; _module_preset=&#8220;default&#8220; title_text_align=&#8220;left&#8220; title_font_size=&#8220;45px&#8220; custom_padding=&#8220;|200px||160px|false|false&#8220; custom_padding_tablet=&#8220;|||35px|false|false&#8220; custom_padding_phone=&#8220;|||35px|false|false&#8220; custom_padding_last_edited=&#8220;on|tablet&#8220; hover_enabled=&#8220;0&#8243; title_font_size_tablet=&#8220;35px&#8220; title_font_size_phone=&#8220;25px&#8220; title_font_size_last_edited=&#8220;on|tablet&#8220; global_colors_info=&#8220;{}&#8220; sticky_enabled=&#8220;0&#8243;][\/et_pb_heading][et_pb_heading title=&#8220;Sozialp\u00e4dagog:in&#8220; _builder_version=&#8220;4.27.4&#8243; _module_preset=&#8220;default&#8220; title_text_align=&#8220;left&#8220; title_font_size=&#8220;45px&#8220; custom_padding=&#8220;|200px||160px|false|false&#8220; custom_padding_tablet=&#8220;|||35px|false|false&#8220; custom_padding_phone=&#8220;|||35px|false|false&#8220; custom_padding_last_edited=&#8220;on|tablet&#8220; hover_enabled=&#8220;0&#8243; title_font_size_tablet=&#8220;35px&#8220; title_font_size_phone=&#8220;25px&#8220; title_font_size_last_edited=&#8220;on|tablet&#8220; global_colors_info=&#8220;{}&#8220; sticky_enabled=&#8220;0&#8243;][\/et_pb_heading][et_pb_heading title=&#8220;Erzieher:in (w\/m\/d)&#8220; _builder_version=&#8220;4.27.4&#8243; _module_preset=&#8220;default&#8220; title_text_align=&#8220;left&#8220; title_font_size=&#8220;45px&#8220; custom_padding=&#8220;|200px||160px|false|false&#8220; custom_padding_tablet=&#8220;|||35px|false|false&#8220; custom_padding_phone=&#8220;|||35px|false|false&#8220; custom_padding_last_edited=&#8220;on|tablet&#8220; title_font_size_tablet=&#8220;35px&#8220; title_font_size_phone=&#8220;25px&#8220; title_font_size_last_edited=&#8220;on|tablet&#8220; global_colors_info=&#8220;{}&#8220;][\/et_pb_heading][et_pb_heading title=&#8220;Betreutes Wohnen&#8220; _builder_version=&#8220;4.27.4&#8243; _module_preset=&#8220;default&#8220; title_font=&#8220;|700|||||||&#8220; title_text_align=&#8220;left&#8220; title_font_size=&#8220;50px&#8220; custom_padding=&#8220;|200px||160px|false|false&#8220; custom_padding_tablet=&#8220;|||35px|false|false&#8220; custom_padding_phone=&#8220;|||35px|false|false&#8220; custom_padding_last_edited=&#8220;on|tablet&#8220; title_font_size_tablet=&#8220;40px&#8220; title_font_size_phone=&#8220;28px&#8220; title_font_size_last_edited=&#8220;on|tablet&#8220; global_colors_info=&#8220;{}&#8220;][\/et_pb_heading][et_pb_text _builder_version=&#8220;4.27.4&#8243; _module_preset=&#8220;default&#8220; text_font_size=&#8220;17px&#8220; custom_padding=&#8220;|200px||160px|false|false&#8220; custom_padding_tablet=&#8220;|40px||35px|false|false&#8220; custom_padding_phone=&#8220;|0px|||false|false&#8220; custom_padding_last_edited=&#8220;on|tablet&#8220; hover_enabled=&#8220;0&#8243; text_font_size_tablet=&#8220;15px&#8220; text_font_size_phone=&#8220;14px&#8220; text_font_size_last_edited=&#8220;on|phone&#8220; global_colors_info=&#8220;{}&#8220; sticky_enabled=&#8220;0&#8243;]<\/p>\n<p><span>F\u00fcr unseren Bereich Ambulant Betreutes Wohnen suchen wir<\/span><br class=\"wixui-rich-text__text\" \/><span>eine(n) P\u00e4dagoge(n), Erzieher(in) oder Sozialarbeiter(in) (m\/w\/d).<\/span><\/p>\n<p>[\/et_pb_text][\/et_pb_column][\/et_pb_row][\/et_pb_section][et_pb_section fb_built=&#8220;1&#8243; _builder_version=&#8220;4.27.4&#8243; _module_preset=&#8220;default&#8220; custom_margin=&#8220;||45px||false|false&#8220; custom_padding=&#8220;0px||0px||true|false&#8220; global_colors_info=&#8220;{}&#8220;][et_pb_row _builder_version=&#8220;4.27.4&#8243; _module_preset=&#8220;default&#8220; background_image=&#8220;https:\/\/www.magnet-ruhrgebiet.de\/wp-content\/uploads\/2025\/08\/Screenshot-2025-08-12-103847.png&#8220; width=&#8220;100%&#8220; max_width=&#8220;2560px&#8220; min_height=&#8220;1741.3px&#8220; custom_margin=&#8220;|auto|-40px|auto||&#8220; locked=&#8220;off&#8220; global_colors_info=&#8220;{}&#8220;][et_pb_column type=&#8220;4_4&#8243; _builder_version=&#8220;4.27.4&#8243; _module_preset=&#8220;default&#8220; global_colors_info=&#8220;{}&#8220;][et_pb_heading _builder_version=&#8220;4.27.4&#8243; _module_preset=&#8220;default&#8220; title=&#8220;Dein neuer Job &#8211; Betreutes Wohnen&#8220; hover_enabled=&#8220;0&#8243; sticky_enabled=&#8220;0&#8243; title_text_align=&#8220;left&#8220; title_font_size=&#8220;38px&#8220; width=&#8220;50%&#8220; module_alignment=&#8220;center&#8220; custom_margin=&#8220;100px||35px||false|false&#8220; custom_padding=&#8220;||||false|false&#8220; max_width=&#8220;100%&#8220; max_width_last_edited=&#8220;on|tablet&#8220; max_width_tablet=&#8220;90%&#8220; width_last_edited=&#8220;on|tablet&#8220; width_tablet=&#8220;100%&#8220; title_font_size_last_edited=&#8220;on|phone&#8220; title_font_size_phone=&#8220;34px&#8220; max_width_phone=&#8220;90%&#8220; width_phone=&#8220;100%&#8220; title_font_size_tablet=&#8220;38px&#8220;][\/et_pb_heading][et_pb_text _builder_version=&#8220;4.27.4&#8243; _module_preset=&#8220;default&#8220; width=&#8220;50%&#8220; module_alignment=&#8220;center&#8220; hover_enabled=&#8220;0&#8243; sticky_enabled=&#8220;0&#8243; text_font_size=&#8220;18px&#8220; max_width_last_edited=&#8220;on|tablet&#8220; width_last_edited=&#8220;on|tablet&#8220; width_tablet=&#8220;100%&#8220; max_width_tablet=&#8220;90%&#8220; text_font_size_last_edited=&#8220;on|phone&#8220; text_font_size_phone=&#8220;18px&#8220; max_width_phone=&#8220;90%&#8220; width_phone=&#8220;100%&#8220; text_font_size_tablet=&#8220;18px&#8220;]<\/p>\n<p><span>Magnet Ruhrgebiet e.V.<\/span><br class=\"wixui-rich-text__text\" \/><span>seit 15 Jahren eine der f\u00fchrenden gemeinn\u00fctzige Organisation<\/span><br class=\"wixui-rich-text__text\" \/><span>mit Schwerpunkt betreutes Wohnen im Gro\u00dfraum Essen \/ Ruhrgebiet.<\/span><br class=\"wixui-rich-text__text\" \/><br class=\"wixui-rich-text__text\" \/><span>Gemeinsam mit unserem professionellen und vor allem netten Team<\/span><br class=\"wixui-rich-text__text\" \/><span>haben Sie die M\u00f6glichkeit, das Leben von Menschen positiv zu beeinflussen<\/span><br class=\"wixui-rich-text__text\" \/><span>und nachhaltige Ver\u00e4nderungen zu bewirken.\u00a0<\/span><\/p>\n<p>[\/et_pb_text][et_pb_heading title=&#8220;Herausfordernd und vielseitig &#8211; Dein Aufgabengebiet&#8220; _builder_version=&#8220;4.27.4&#8243; _module_preset=&#8220;default&#8220; title_font_size=&#8220;28px&#8220; width=&#8220;50%&#8220; module_alignment=&#8220;center&#8220; hover_enabled=&#8220;0&#8243; sticky_enabled=&#8220;0&#8243; custom_margin=&#8220;||10px||false|false&#8220; custom_padding=&#8220;||||false|false&#8220; max_width_last_edited=&#8220;on|tablet&#8220; width_last_edited=&#8220;on|tablet&#8220; width_tablet=&#8220;100%&#8220; max_width_tablet=&#8220;90%&#8220; title_font_size_last_edited=&#8220;on|phone&#8220; title_font_size_phone=&#8220;24px&#8220; max_width_phone=&#8220;90%&#8220; width_phone=&#8220;100%&#8220; title_font_size_tablet=&#8220;28px&#8220;][\/et_pb_heading][et_pb_text _builder_version=&#8220;4.27.4&#8243; _module_preset=&#8220;default&#8220; width=&#8220;50%&#8220; module_alignment=&#8220;center&#8220; text_font_size=&#8220;18px&#8220; hover_enabled=&#8220;0&#8243; sticky_enabled=&#8220;0&#8243; ul_font_size=&#8220;18px&#8220; max_width_last_edited=&#8220;on|tablet&#8220; width_last_edited=&#8220;on|tablet&#8220; width_tablet=&#8220;100%&#8220; max_width_tablet=&#8220;90%&#8220; ul_font_size_last_edited=&#8220;on|phone&#8220; ul_font_size_phone=&#8220;17px&#8220; max_width_phone=&#8220;90%&#8220; width_phone=&#8220;100%&#8220; ul_font_size_tablet=&#8220;18px&#8220;]<\/p>\n<ul>\n<li>Betreuung von erwachsenen Menschen gem.\u00a7 53 SGB XII<\/li>\n<li>Unterst\u00fctzung in den Bereichen selbst\u00e4ndige Lebensf\u00fchrung,<br \/>Bew\u00e4ltigung des Alltags, Umgang mit Beh\u00f6rden und Schriftverkehr,<br \/>Aufbau und Erhalt von Beziehungen, Teilhabe am gesellschaftlichen Leben,<br \/>Gesundheitsf\u00f6rderung, Krisenbew\u00e4ltigung, Tagesstrukturierung und Freizeitgestaltung<\/li>\n<li>Kooperation mit Angeh\u00f6rigen und gesetzlichen Betreuern<\/li>\n<li>Erstellung und Fortschreibung von Hilfepl\u00e4nen<\/li>\n<li>Konzeptionelle Entwicklung von spezialisierten Betreuungsangeboten<\/li>\n<li>Administrative T\u00e4tigkeiten (ja die m\u00fcssen sein &#8211; aber der Aufwand h\u00e4lt sich in Grenzen)<\/li>\n<\/ul>\n<p>[\/et_pb_text][et_pb_heading title=&#8220;Fundiert und motiviert &#8211; Deine Qualifikationen und Kompetenzen&#8220; _builder_version=&#8220;4.27.4&#8243; _module_preset=&#8220;default&#8220; title_font_size=&#8220;28px&#8220; width=&#8220;50%&#8220; module_alignment=&#8220;center&#8220; hover_enabled=&#8220;0&#8243; sticky_enabled=&#8220;0&#8243; custom_margin=&#8220;||10px||false|false&#8220; custom_padding=&#8220;||||false|false&#8220; max_width_last_edited=&#8220;on|tablet&#8220; width_last_edited=&#8220;on|tablet&#8220; width_tablet=&#8220;100%&#8220; max_width_tablet=&#8220;90%&#8220; title_font_size_last_edited=&#8220;on|phone&#8220; title_font_size_phone=&#8220;24px&#8220; max_width_phone=&#8220;90%&#8220; width_phone=&#8220;100%&#8220; title_font_size_tablet=&#8220;28px&#8220;][\/et_pb_heading][et_pb_text _builder_version=&#8220;4.27.4&#8243; _module_preset=&#8220;default&#8220; width=&#8220;50%&#8220; module_alignment=&#8220;center&#8220; text_font_size=&#8220;18px&#8220; hover_enabled=&#8220;0&#8243; sticky_enabled=&#8220;0&#8243; ul_font_size=&#8220;18px&#8220; max_width_last_edited=&#8220;on|tablet&#8220; width_last_edited=&#8220;on|tablet&#8220; width_tablet=&#8220;100%&#8220; max_width_tablet=&#8220;90%&#8220; ul_font_size_last_edited=&#8220;on|phone&#8220; ul_font_size_phone=&#8220;17px&#8220; max_width_phone=&#8220;90%&#8220; width_phone=&#8220;100%&#8220; ul_font_size_tablet=&#8220;18px&#8220;]<\/p>\n<ul>\n<li>Abgeschlossenes Studium der Sozialen Arbeit oder Erziehungswissenschaft<br \/>(Diplom, Bachelor oder Master), erfolgreich abgeschlossene Ausbildung als Erzieherin oder Heilp\u00e4dagogin oder \u00c4quivalent<\/li>\n<li>F\u00fchrerschein Klasse B &#8211; Fahrzeug wird gestellt &#8211; auf Wunsch auch zur privaten Nutzung<\/li>\n<li>Freude an komplexen Aufgaben und selbst\u00e4ndiger Arbeit<\/li>\n<li>Gute Kommunikationsf\u00e4higkeiten und Teamkompetenzen<\/li>\n<li>Belastbarkeit, Flexibilit\u00e4t und Kontaktf\u00e4higkeit<\/li>\n<li>Sp\u00fcrbares Engagement<\/li>\n<\/ul>\n<p>[\/et_pb_text][et_pb_heading title=&#8220;Reizvoll und herausfordernd &#8211; unser Angebot&#8220; _builder_version=&#8220;4.27.4&#8243; _module_preset=&#8220;default&#8220; title_font_size=&#8220;28px&#8220; width=&#8220;50%&#8220; module_alignment=&#8220;center&#8220; hover_enabled=&#8220;0&#8243; sticky_enabled=&#8220;0&#8243; custom_margin=&#8220;||10px||false|false&#8220; custom_padding=&#8220;||||false|false&#8220; max_width_last_edited=&#8220;on|tablet&#8220; width_last_edited=&#8220;on|tablet&#8220; width_tablet=&#8220;100%&#8220; max_width_tablet=&#8220;90%&#8220; title_font_size_last_edited=&#8220;on|phone&#8220; title_font_size_phone=&#8220;24px&#8220; max_width_phone=&#8220;90%&#8220; width_phone=&#8220;100%&#8220; title_font_size_tablet=&#8220;28px&#8220;][\/et_pb_heading][et_pb_text _builder_version=&#8220;4.27.4&#8243; _module_preset=&#8220;default&#8220; width=&#8220;50%&#8220; module_alignment=&#8220;center&#8220; text_font_size=&#8220;18px&#8220; hover_enabled=&#8220;0&#8243; sticky_enabled=&#8220;0&#8243; ul_font_size=&#8220;17px&#8220; max_width_last_edited=&#8220;on|tablet&#8220; width_last_edited=&#8220;on|tablet&#8220; width_tablet=&#8220;100%&#8220; max_width_tablet=&#8220;90%&#8220; max_width_phone=&#8220;90%&#8220; width_phone=&#8220;100%&#8220;]<\/p>\n<ul>\n<li>Eine interessante und abwechslungsreiche T\u00e4tigkeit<br \/>mit kreativen Gestaltungsm\u00f6glichkeiten (z.B Tiergest\u00fctzte P\u00e4dagogik oder Deine Ideen)<\/li>\n<li>Leistungsgerechte Verg\u00fctung in Anlehnung TV\u00d6D<\/li>\n<li>Dienstwagen wird gestellt &#8211; auf Wunsch auch zur privaten Nutzung<\/li>\n<li>Fort- und Weiterbildungsm\u00f6glichkeiten<\/li>\n<li>Nicht konfessionell gebunden<\/li>\n<li>Vollzeit oder Teilzeit &#8211; je nach Wunsch<\/li>\n<li>Flexible Arbeitszeiten in Eigenverantwortung,<br \/>ein attraktives Modell zur Vereinbarkeit von Beruf und Familie<\/li>\n<li>Zeitpunkt ab sofort oder sp\u00e4ter<\/li>\n<\/ul>\n<p>[\/et_pb_text][et_pb_text _builder_version=&#8220;4.27.4&#8243; _module_preset=&#8220;default&#8220; width=&#8220;50%&#8220; module_alignment=&#8220;center&#8220; text_font_size=&#8220;18px&#8220; hover_enabled=&#8220;0&#8243; sticky_enabled=&#8220;0&#8243; custom_padding=&#8220;||||false|false&#8220; max_width_last_edited=&#8220;on|tablet&#8220; width_last_edited=&#8220;on|tablet&#8220; width_tablet=&#8220;100%&#8220; max_width_tablet=&#8220;90%&#8220; max_width_phone=&#8220;90%&#8220; width_phone=&#8220;100%&#8220;]<\/p>\n<p><span>Magnet Ruhrgebiet e.V. f\u00f6rdert Vielfalt.\u00a0<\/span><br class=\"wixui-rich-text__text\" \/><span>Wir ermutigen qualifizierte Bewerber, unabh\u00e4ngig von Religion, Geschlecht, sexueller Orientierung, Geschlechtsidentit\u00e4t, nationaler Herkunft, Behinderung oder Alter, sich zu bewerben.<\/span><\/p>\n<p><span><\/span><\/p>\n<p><span>Gestalten Sie mit uns Ihre Zukunft!<\/span><\/p>\n<p><span><\/span><\/p>\n<p><span>Wir freuen uns auf Ihre Nachricht schnell und unkompliziert per WhatsApp\u00a0<br class=\"wixui-rich-text__text\" \/>an Gesch\u00e4ftsf\u00fchrer J\u00fcrgen Stirnberg +49 176 21617975<br class=\"wixui-rich-text__text\" \/>\u2013 ausf\u00fchrliche Bewerbung nicht n\u00f6tig \u2026\u00a0<\/span><\/p>\n<p><span><\/span><\/p>\n<p><span>Magnet Ruhrgebiet e.V.<br class=\"wixui-rich-text__text\" \/>Gesch\u00e4ftsf\u00fchrer\u00a0<br class=\"wixui-rich-text__text\" \/>J\u00fcrgen Stirnberg +49 176 21617975<br class=\"wixui-rich-text__text\" \/><span style=\"text-decoration: underline;\"><span class=\"wixui-rich-text__text\"><a href=\"mailto:jstirnberg@magnet-ruhrgebiet.de\" target=\"_self\" class=\"wixui-rich-text__text\">jstirnberg@magnet-ruhrgebiet.de<\/a><\/span><\/span><\/span><\/p>\n<p>[\/et_pb_text][\/et_pb_column][\/et_pb_row][\/et_pb_section]<\/p>\n","protected":false},"excerpt":{"rendered":"<p>F\u00fcr unseren Bereich Ambulant Betreutes Wohnen suchen wireine(n) P\u00e4dagoge(n), Erzieher(in) oder Sozialarbeiter(in) (m\/w\/d).Magnet Ruhrgebiet e.V.seit 15 Jahren eine der f\u00fchrenden gemeinn\u00fctzige Organisationmit Schwerpunkt betreutes Wohnen im Gro\u00dfraum Essen \/ Ruhrgebiet.Gemeinsam mit unserem professionellen und vor allem netten Teamhaben Sie die M\u00f6glichkeit, das Leben von Menschen positiv zu beeinflussenund nachhaltige Ver\u00e4nderungen zu bewirken.\u00a0 Betreuung von erwachsenen [&hellip;]<\/p>\n","protected":false},"author":4,"featured_media":0,"parent":0,"menu_order":0,"comment_status":"closed","ping_status":"closed","template":"","meta":{"_et_pb_use_builder":"on","_et_pb_old_content":"<!-- wp:divi\/placeholder \/-->","_et_gb_content_width":"","footnotes":""},"class_list":["post-23","page","type-page","status-publish","hentry"],"_links":{"self":[{"href":"https:\/\/www.magnet-ruhrgebiet.de\/index.php?rest_route=\/wp\/v2\/pages\/23","targetHints":{"allow":["GET"]}}],"collection":[{"href":"https:\/\/www.magnet-ruhrgebiet.de\/index.php?rest_route=\/wp\/v2\/pages"}],"about":[{"href":"https:\/\/www.magnet-ruhrgebiet.de\/index.php?rest_route=\/wp\/v2\/types\/page"}],"author":[{"embeddable":true,"href":"https:\/\/www.magnet-ruhrgebiet.de\/index.php?rest_route=\/wp\/v2\/users\/4"}],"replies":[{"embeddable":true,"href":"https:\/\/www.magnet-ruhrgebiet.de\/index.php?rest_route=%2Fwp%2Fv2%2Fcomments&post=23"}],"version-history":[{"count":21,"href":"https:\/\/www.magnet-ruhrgebiet.de\/index.php?rest_route=\/wp\/v2\/pages\/23\/revisions"}],"predecessor-version":[{"id":389,"href":"https:\/\/www.magnet-ruhrgebiet.de\/index.php?rest_route=\/wp\/v2\/pages\/23\/revisions\/389"}],"wp:attachment":[{"href":"https:\/\/www.magnet-ruhrgebiet.de\/index.php?rest_route=%2Fwp%2Fv2%2Fmedia&parent=23"}],"curies":[{"name":"wp","href":"https:\/\/api.w.org\/{rel}","templated":true}]}}