{"id":25,"date":"2025-08-11T14:13:44","date_gmt":"2025-08-11T14:13:44","guid":{"rendered":"https:\/\/magnet.digital2go.de\/?page_id=25"},"modified":"2025-08-18T14:30:36","modified_gmt":"2025-08-18T14:30:36","slug":"uber-uns","status":"publish","type":"page","link":"https:\/\/www.magnet-ruhrgebiet.de\/?page_id=25","title":{"rendered":"\u00dcber Uns"},"content":{"rendered":"<p>[et_pb_section fb_built=&#8220;1&#8243; custom_padding_last_edited=&#8220;on|phone&#8220; _builder_version=&#8220;4.27.4&#8243; _module_preset=&#8220;default&#8220; background_image=&#8220;https:\/\/www.magnet-ruhrgebiet.de\/wp-content\/uploads\/2025\/08\/02209531-fd62-432f-8a9.png&#8220; background_size=&#8220;custom&#8220; background_image_width=&#8220;100%&#8220; max_width=&#8220;100%&#8220; min_height_tablet=&#8220;&#8220; min_height_phone=&#8220;754px&#8220; min_height_last_edited=&#8220;on|phone&#8220; height=&#8220;870px&#8220; height_tablet=&#8220;515px&#8220; height_phone=&#8220;270px&#8220; height_last_edited=&#8220;on|desktop&#8220; max_height=&#8220;1000px&#8220; custom_margin=&#8220;0px||-20px||false|false&#8220; custom_padding_tablet=&#8220;||||false|false&#8220; custom_padding_phone=&#8220;||||false|false&#8220; hover_enabled=&#8220;0&#8243; background_last_edited=&#8220;on|tablet&#8220; background_image_height_tablet=&#8220;100%&#8220; background_image_height_phone=&#8220;65%&#8220; background_blend_tablet=&#8220;normal&#8220; global_colors_info=&#8220;{}&#8220; title_text=&#8220;02209531-fd62-432f-8a9&#8243; sticky_enabled=&#8220;0&#8243;][et_pb_row custom_padding_last_edited=&#8220;on|phone&#8220; _builder_version=&#8220;4.27.4&#8243; _module_preset=&#8220;default&#8220; background_color=&#8220;#ffffff&#8220; z_index=&#8220;10&#8243; width_tablet=&#8220;90%&#8220; width_phone=&#8220;86%&#8220; width_last_edited=&#8220;on|desktop&#8220; max_width=&#8220;1100px&#8220; height_tablet=&#8220;460px&#8220; height_phone=&#8220;600px&#8220; height_last_edited=&#8220;on|tablet&#8220; custom_margin=&#8220;100px||0px||false|false&#8220; custom_margin_tablet=&#8220;-30px||||false|false&#8220; custom_margin_phone=&#8220;0px||||false|false&#8220; custom_margin_last_edited=&#8220;on|phone&#8220; custom_padding=&#8220;60px|50px|60px|50px|true|true&#8220; custom_padding_tablet=&#8220;25px|34px|25px|34px|true|true&#8220; custom_padding_phone=&#8220;35px|20px|30px|20px|false|true&#8220; border_width_all=&#8220;12px&#8220; border_color_all=&#8220;#FFFFFF&#8220; border_width_all_tablet=&#8220;0px&#8220; border_width_all_phone=&#8220;0px&#8220; border_width_all_last_edited=&#8220;on|desktop&#8220; box_shadow_style=&#8220;preset3&#8243; box_shadow_blur=&#8220;20px&#8220; box_shadow_spread=&#8220;2px&#8220; box_shadow_vertical_tablet=&#8220;12px&#8220; box_shadow_vertical_last_edited=&#8220;off|desktop&#8220; global_colors_info=&#8220;{}&#8220;][et_pb_column type=&#8220;4_4&#8243; _builder_version=&#8220;4.27.4&#8243; _module_preset=&#8220;default&#8220; global_colors_info=&#8220;{}&#8220;][et_pb_heading title=&#8220;Was zeichnet Magnet Ruhrgebiet e.V. aus?&#8220; _builder_version=&#8220;4.27.4&#8243; _module_preset=&#8220;default&#8220; title_level=&#8220;h4&#8243; min_height_last_edited=&#8220;off|tablet&#8220; height_last_edited=&#8220;off|tablet&#8220; title_font_last_edited=&#8220;off|desktop&#8220; title_font_size_tablet=&#8220;16px&#8220; title_font_size_phone=&#8220;16px&#8220; title_font_size_last_edited=&#8220;on|phone&#8220; global_colors_info=&#8220;{}&#8220;][\/et_pb_heading][et_pb_heading title=&#8220;\u00dcber Uns&#8220; _builder_version=&#8220;4.27.4&#8243; _module_preset=&#8220;default&#8220; title_font=&#8220;|||on|||||&#8220; title_font_size=&#8220;45px&#8220; title_font_size_tablet=&#8220;30px&#8220; title_font_size_phone=&#8220;26px&#8220; title_font_size_last_edited=&#8220;on|phone&#8220; global_colors_info=&#8220;{}&#8220;][\/et_pb_heading][et_pb_text _builder_version=&#8220;4.27.4&#8243; _module_preset=&#8220;default&#8220; text_font_size=&#8220;20px&#8220; text_font_size_tablet=&#8220;16px&#8220; text_font_size_phone=&#8220;15px&#8220; text_font_size_last_edited=&#8220;on|phone&#8220; global_colors_info=&#8220;{}&#8220;]<\/p>\n<ul>\n<li><span>Langj\u00e4hrige Erfahrung und Kompetenz in der Begleitung psychisch kranker Menschen in ambulanten Diensten und station\u00e4ren Einrichtungen<\/span><\/li>\n<\/ul>\n<p><span><\/span><\/p>\n<ul>\n<li><span>Vorzeigbare Erfolge und Beispiel beim \u00dcbergang von Klienten aus Wohnheimen in die eigene Wohnung<\/span><\/li>\n<\/ul>\n<p><span><\/span><\/p>\n<ul>\n<li><span>Attraktive Angebote und L\u00f6sungen f\u00fcr die Gestaltung der Freizeit und den Aufbau einer Tagesstruktur<\/span><\/li>\n<\/ul>\n<p><span><\/span><\/p>\n<ul>\n<li class=\"wixui-rich-text__text\">\n<p class=\"font_9 wixui-rich-text__text\"><span class=\"color_15 wixui-rich-text__text\">Magnet Ruhrgebiet e.V. stellt durch entsprechende Strukturen und Organisation eine dem aktuellen fachlichen Standard entsprechende Qualit\u00e4t der Arbeit sicher.\u00a0<\/span><span><\/span><\/p>\n<\/li>\n<\/ul>\n<p>[\/et_pb_text][\/et_pb_column][\/et_pb_row][\/et_pb_section]<\/p>\n","protected":false},"excerpt":{"rendered":"<p>Langj\u00e4hrige Erfahrung und Kompetenz in der Begleitung psychisch kranker Menschen in ambulanten Diensten und station\u00e4ren Einrichtungen Vorzeigbare Erfolge und Beispiel beim \u00dcbergang von Klienten aus Wohnheimen in die eigene Wohnung Attraktive Angebote und L\u00f6sungen f\u00fcr die Gestaltung der Freizeit und den Aufbau einer Tagesstruktur Magnet Ruhrgebiet e.V. stellt durch entsprechende Strukturen und Organisation eine dem [&hellip;]<\/p>\n","protected":false},"author":4,"featured_media":0,"parent":0,"menu_order":0,"comment_status":"closed","ping_status":"closed","template":"","meta":{"_et_pb_use_builder":"on","_et_pb_old_content":"<!-- wp:divi\/placeholder \/-->","_et_gb_content_width":"","footnotes":""},"class_list":["post-25","page","type-page","status-publish","hentry"],"_links":{"self":[{"href":"https:\/\/www.magnet-ruhrgebiet.de\/index.php?rest_route=\/wp\/v2\/pages\/25","targetHints":{"allow":["GET"]}}],"collection":[{"href":"https:\/\/www.magnet-ruhrgebiet.de\/index.php?rest_route=\/wp\/v2\/pages"}],"about":[{"href":"https:\/\/www.magnet-ruhrgebiet.de\/index.php?rest_route=\/wp\/v2\/types\/page"}],"author":[{"embeddable":true,"href":"https:\/\/www.magnet-ruhrgebiet.de\/index.php?rest_route=\/wp\/v2\/users\/4"}],"replies":[{"embeddable":true,"href":"https:\/\/www.magnet-ruhrgebiet.de\/index.php?rest_route=%2Fwp%2Fv2%2Fcomments&post=25"}],"version-history":[{"count":10,"href":"https:\/\/www.magnet-ruhrgebiet.de\/index.php?rest_route=\/wp\/v2\/pages\/25\/revisions"}],"predecessor-version":[{"id":371,"href":"https:\/\/www.magnet-ruhrgebiet.de\/index.php?rest_route=\/wp\/v2\/pages\/25\/revisions\/371"}],"wp:attachment":[{"href":"https:\/\/www.magnet-ruhrgebiet.de\/index.php?rest_route=%2Fwp%2Fv2%2Fmedia&parent=25"}],"curies":[{"name":"wp","href":"https:\/\/api.w.org\/{rel}","templated":true}]}}