{"id":27,"date":"2025-08-11T14:14:11","date_gmt":"2025-08-11T14:14:11","guid":{"rendered":"https:\/\/magnet.digital2go.de\/?page_id=27"},"modified":"2025-09-03T15:24:56","modified_gmt":"2025-09-03T14:24:56","slug":"netzwerk-fur-soziales-engagement","status":"publish","type":"page","link":"https:\/\/www.magnet-ruhrgebiet.de\/?page_id=27","title":{"rendered":"Netzwerk f\u00fcr soziales Engagement"},"content":{"rendered":"<p>[et_pb_section fb_built=&#8220;1&#8243; _builder_version=&#8220;4.27.4&#8243; _module_preset=&#8220;default&#8220; background_color=&#8220;#f0f0f0&#8243; custom_padding=&#8220;0px||0px||true|false&#8220; global_colors_info=&#8220;{}&#8220;][et_pb_row custom_padding_last_edited=&#8220;on|phone&#8220; _builder_version=&#8220;4.27.4&#8243; _module_preset=&#8220;default&#8220; background_enable_color=&#8220;off&#8220; width=&#8220;63%&#8220; width_tablet=&#8220;85%&#8220; width_phone=&#8220;85%&#8220; width_last_edited=&#8220;on|tablet&#8220; max_width=&#8220;2560px&#8220; module_alignment=&#8220;center&#8220; custom_margin=&#8220;||||false|false&#8220; custom_padding=&#8220;||100px||false|false&#8220; custom_padding_tablet=&#8220;||100px||false|false&#8220; custom_padding_phone=&#8220;||70px||false|false&#8220; global_colors_info=&#8220;{}&#8220;][et_pb_column type=&#8220;4_4&#8243; _builder_version=&#8220;4.27.4&#8243; _module_preset=&#8220;default&#8220; global_colors_info=&#8220;{}&#8220;][et_pb_image src=&#8220;https:\/\/www.magnet-ruhrgebiet.de\/wp-content\/uploads\/2025\/09\/Planting_trees-scaled.png&#8220; title_text=&#8220;Planting_trees&#8220; align=&#8220;center&#8220; _builder_version=&#8220;4.27.4&#8243; _module_preset=&#8220;default&#8220; background_color=&#8220;#f0f0f0&#8243; custom_margin=&#8220;80px||||false|false&#8220; custom_margin_tablet=&#8220;110px||||false|false&#8220; custom_margin_phone=&#8220;45px||||false|false&#8220; custom_margin_last_edited=&#8220;on|phone&#8220; custom_padding=&#8220;||||false|false&#8220; hover_enabled=&#8220;0&#8243; global_colors_info=&#8220;{}&#8220; sticky_enabled=&#8220;0&#8243;][\/et_pb_image][et_pb_heading title=&#8220;Netzwerk f\u00fcr soziales Engagement&#8220; _builder_version=&#8220;4.27.4&#8243; _module_preset=&#8220;default&#8220; title_font=&#8220;|&#8211;et_global_heading_font_weight||on|||||&#8220; title_font_size=&#8220;45px&#8220; custom_margin=&#8220;||||false|false&#8220; custom_padding=&#8220;25px||||false|true&#8220; title_font_size_tablet=&#8220;40px&#8220; title_font_size_phone=&#8220;28px&#8220; title_font_size_last_edited=&#8220;on|phone&#8220; global_colors_info=&#8220;{}&#8220;][\/et_pb_heading][et_pb_text _builder_version=&#8220;4.27.4&#8243; _module_preset=&#8220;default&#8220; text_font_size=&#8220;20px&#8220; custom_margin=&#8220;||||false|true&#8220; custom_padding=&#8220;10px||||false|false&#8220; text_font_size_tablet=&#8220;18px&#8220; text_font_size_phone=&#8220;16px&#8220; text_font_size_last_edited=&#8220;on|phone&#8220; global_colors_info=&#8220;{}&#8220;]<\/p>\n<div id=\"comp-kguvmkur\" class=\"Z_l5lU MMl86N zQ9jDz qvSjx3 Vq6kJx comp-kguvmkur wixui-rich-text\" data-testid=\"richTextElement\" style=\"text-align: left;\">\n<p class=\"font_7 wixui-rich-text__text\"><span class=\"color_15 wixui-rich-text__text\">Magnet Ruhrgebiet e.V. m\u00f6chte besonders die Menschen anziehen und einbeziehen, die konkrete Ideen realisieren wollen.<\/span><\/p>\n<p class=\"font_7 wixui-rich-text__text\">Wie soll die Welt aussehen, in der wir leben?<\/p>\n<\/div>\n<div id=\"comp-kguvmkur1\" class=\"Z_l5lU MMl86N zQ9jDz qvSjx3 Vq6kJx comp-kguvmkur1 wixui-rich-text\" data-testid=\"richTextElement\">\n<p class=\"font_8 wixui-rich-text__text\" style=\"text-align: left;\"><span class=\"color_15 wixui-rich-text__text\"><\/span><\/p>\n<p class=\"font_8 wixui-rich-text__text\" style=\"text-align: left;\"><span class=\"color_15 wixui-rich-text__text\"><br class=\"wixui-rich-text__text\" \/>Viele Menschen stellen sich diese Frage und viele Menschen entscheiden sich, ihr Lebensumfeld aktiv mitzugestalten.<\/span><span class=\"color_15 wixui-rich-text__text\"><\/span><\/p>\n<p class=\"font_8 wixui-rich-text__text\" style=\"text-align: left;\"><span class=\"color_15 wixui-rich-text__text\"><\/span><\/p>\n<ul class=\"color_15 wixui-rich-text__text\" style=\"text-align: left;\">\n<li class=\"wixui-rich-text__text\">\n<p class=\"font_8 wixui-rich-text__text\"><span class=\"color_15 wixui-rich-text__text\">Vielleicht haben Sie schon konkrete Ideen, wie Sie Pl\u00e4tzen, Innenh\u00f6fen, leer stehenden Geb\u00e4uden oder grauen Stra\u00dfen in Ihrem Wohnumfeld neues Leben einhauchen wollen?<br class=\"wixui-rich-text__text\" \/><br class=\"wixui-rich-text__text\" \/><\/span><\/p>\n<\/li>\n<li class=\"wixui-rich-text__text\">\n<p class=\"font_8 wixui-rich-text__text\"><span class=\"color_15 wixui-rich-text__text\">Oder wie j\u00fcngere und \u00e4ltere Menschen sich besser verstehen lernen und sich gegenseitig unterst\u00fctzen?<br class=\"wixui-rich-text__text\" \/><br class=\"wixui-rich-text__text\" \/><\/span><\/p>\n<\/li>\n<li class=\"wixui-rich-text__text\">\n<p class=\"font_8 wixui-rich-text__text\"><span class=\"color_15 wixui-rich-text__text\">Oder wie Menschen unterschiedlicher Nationalit\u00e4ten besser miteinander leben k\u00f6nnen?<br class=\"wixui-rich-text__text\" \/><br class=\"wixui-rich-text__text\" \/><\/span><\/p>\n<\/li>\n<li class=\"wixui-rich-text__text\">\n<p class=\"font_8 wixui-rich-text__text\"><span class=\"color_15 wixui-rich-text__text\">Oder wie Sie Mitb\u00fcrgern beim Umgang mit Rechtsproblemen, Schulden, B\u00fcrokratie etc. helfen k\u00f6nnen?<br class=\"wixui-rich-text__text\" \/><br class=\"wixui-rich-text__text\" \/><\/span><\/p>\n<\/li>\n<li class=\"wixui-rich-text__text\">\n<p class=\"font_8 wixui-rich-text__text\"><span class=\"color_15 wixui-rich-text__text\">Ideen, wie Sie ein Projekt in Ihrem Lebensumfeld auch gleichzeitig an mehreren Orten in Europa verwirklichen m\u00f6chten?<br class=\"wixui-rich-text__text\" \/><br class=\"wixui-rich-text__text\" \/><\/span><\/p>\n<\/li>\n<li class=\"wixui-rich-text__text\">\n<p class=\"font_8 wixui-rich-text__text\"><span class=\"color_15 wixui-rich-text__text\">Oder wie Menschen mit Hilfe von Musik, Kunst und Arbeit neues Selbstvertrauen gewinnen k\u00f6nnen?<\/span><\/p>\n<\/li>\n<\/ul>\n<p class=\"font_8 wixui-rich-text__text\" style=\"text-align: left;\"><span class=\"color_15 wixui-rich-text__text\">\u00a0<\/span><\/p>\n<p class=\"font_8 wixui-rich-text__text\" style=\"text-align: left;\"><span class=\"color_15 wixui-rich-text__text\">Dann sind Sie in unserem Netzwerk richtig!<\/span><\/p>\n<\/div>\n<p>[\/et_pb_text][et_pb_button button_url=&#8220;https:\/\/www.magnet-ruhrgebiet.de\/?page_id=366&#8243; button_text=&#8220;Kontakt&#8220; button_alignment=&#8220;left&#8220; _builder_version=&#8220;4.27.4&#8243; _module_preset=&#8220;default&#8220; custom_margin=&#8220;||||false|true&#8220; custom_padding=&#8220;||||false|true&#8220; custom_css_free_form=&#8220;.et_pb_button {||  border-radius: 800px !important;||  color:#4c649c;||  font-size: 17px !important;||  font-weight: 300 !important;||  padding: 12px 20px !important;||  line-height: 1.2 !important;||  border-width: 1px;||}||||.et_pb_button:hover {||  background-color: #4c649c !important;||  color: #fff;||  font-size: 17px !important;||  font-weight: 300 !important;||  padding: 12px 20px !important;||  line-height: 1.2 !important;||  border: none !important;||} ||||.et_pb_button:after {||  display: none !important;||}&#8220; global_colors_info=&#8220;{}&#8220;][\/et_pb_button][\/et_pb_column][\/et_pb_row][\/et_pb_section][et_pb_section fb_built=&#8220;1&#8243; _builder_version=&#8220;4.27.4&#8243; _module_preset=&#8220;default&#8220; background_color=&#8220;#4c649c&#8220; custom_padding=&#8220;0px||0px||true|false&#8220; global_colors_info=&#8220;{}&#8220;][et_pb_row custom_padding_last_edited=&#8220;on|phone&#8220; _builder_version=&#8220;4.27.4&#8243; _module_preset=&#8220;default&#8220; background_enable_color=&#8220;off&#8220; width=&#8220;63%&#8220; width_tablet=&#8220;85%&#8220; width_phone=&#8220;85%&#8220; width_last_edited=&#8220;on|tablet&#8220; max_width=&#8220;2560px&#8220; custom_padding=&#8220;100px||100px||true|false&#8220; custom_padding_tablet=&#8220;100px||100px||true|false&#8220; custom_padding_phone=&#8220;70px||70px||true|false&#8220; global_colors_info=&#8220;{}&#8220;][et_pb_column type=&#8220;4_4&#8243; _builder_version=&#8220;4.27.4&#8243; _module_preset=&#8220;default&#8220; global_colors_info=&#8220;{}&#8220;][et_pb_heading title=&#8220;Beispiele&#8220; admin_label=&#8220;Heading&#8220; _builder_version=&#8220;4.27.4&#8243; _module_preset=&#8220;default&#8220; title_font=&#8220;|||on|||||&#8220; title_text_color=&#8220;#FFFFFF&#8220; title_font_size=&#8220;35px&#8220; custom_padding=&#8220;||15px||false|false&#8220; title_font_size_tablet=&#8220;35px&#8220; title_font_size_phone=&#8220;35px&#8220; title_font_size_last_edited=&#8220;on|phone&#8220; global_colors_info=&#8220;{}&#8220;][\/et_pb_heading][et_pb_text _builder_version=&#8220;4.27.4&#8243; _module_preset=&#8220;default&#8220; text_text_color=&#8220;#FFFFFF&#8220; text_font_size=&#8220;16px&#8220; custom_padding=&#8220;||10px||false|false&#8220; text_font_size_tablet=&#8220;16px&#8220; text_font_size_phone=&#8220;17px&#8220; text_font_size_last_edited=&#8220;on|phone&#8220; global_colors_info=&#8220;{}&#8220;]<\/p>\n<p>f\u00fcr Ideen und Projekte, die Sie mit uns verwirklichen k\u00f6nnen<\/p>\n<p>[\/et_pb_text][et_pb_text _builder_version=&#8220;4.27.4&#8243; _module_preset=&#8220;default&#8220; text_text_color=&#8220;#FFFFFF&#8220; text_font_size=&#8220;15px&#8220; custom_margin=&#8220;|0px|||false|false&#8220; text_font_size_tablet=&#8220;15px&#8220; text_font_size_phone=&#8220;16px&#8220; text_font_size_last_edited=&#8220;on|phone&#8220; global_colors_info=&#8220;{}&#8220;]<\/p>\n<ul class=\"color_36 wixui-rich-text__text\">\n<li class=\"wixui-rich-text__text\">\n<p class=\"font_9 wixui-rich-text__text\"><strong><span class=\"color_36 wixui-rich-text__text\"><span class=\"wixui-rich-text__text\">Unser Dorf soll sch\u00f6ner werden<\/span><\/span><\/strong><\/p>\n<p class=\"font_9 wixui-rich-text__text\"><span class=\"color_36 wixui-rich-text__text\">Wenn Sie Ihr Wohnquartier mit neuen Impulsen aus dem Dornr\u00f6schenschlaf wecken m\u00f6chten, indem Sie Innenh\u00f6fen, leerstehenden Werkstatt- und Fabrikgeb\u00e4uden und grauen Stra\u00dfen neues Leben einhauchen, aus \u00f6den Ecken Pl\u00e4tze der Begegnung machen<br class=\"wixui-rich-text__text\" \/><br class=\"wixui-rich-text__text\" \/><\/span><\/p>\n<\/li>\n<li class=\"wixui-rich-text__text\">\n<p class=\"font_9 wixui-rich-text__text\"><strong><span class=\"color_36 wixui-rich-text__text\"><span class=\"wixui-rich-text__text\">Eine Kunst-Handlung<\/span><\/span><\/strong><\/p>\n<p class=\"font_9 wixui-rich-text__text\"><span class=\"color_36 wixui-rich-text__text\">Wenn Menschen Sprachrohre und Ausdrucksformen finden, um mit Hilfe von Musik, Kunst und Arbeit wieder Selbstwertgef\u00fchl zu gewinnen<br class=\"wixui-rich-text__text\" \/><br class=\"wixui-rich-text__text\" \/><\/span><\/p>\n<\/li>\n<li class=\"wixui-rich-text__text\">\n<p class=\"font_9 wixui-rich-text__text\"><strong><span class=\"color_36 wixui-rich-text__text\"><span class=\"wixui-rich-text__text\">Eine Europameisterschaft<\/span><\/span><\/strong><\/p>\n<p class=\"font_9 wixui-rich-text__text\"><span class=\"color_36 wixui-rich-text__text\">Wenn Sie ein Projekt sowohl hier in Ihrem Lebensumfeld als auch gleichzeitig in ein oder zwei anderen Orten in Europa verwirklichen m\u00f6chten<br class=\"wixui-rich-text__text\" \/><br class=\"wixui-rich-text__text\" \/><\/span><\/p>\n<\/li>\n<li class=\"wixui-rich-text__text\">\n<p class=\"font_9 wixui-rich-text__text\"><strong><span class=\"color_36 wixui-rich-text__text\"><span class=\"wixui-rich-text__text\">Eine Rat-Werkstatt<\/span><\/span><\/strong><\/p>\n<p class=\"font_9 wixui-rich-text__text\"><span class=\"color_36 wixui-rich-text__text\">Wenn Sie andere Mitb\u00fcrger beim Umgang mit Rechtsproblemen, Schulden, B\u00fcrokratie oder \u00e4hnlichem unterst\u00fctzen m\u00f6chten<br class=\"wixui-rich-text__text\" \/><br class=\"wixui-rich-text__text\" \/><\/span><\/p>\n<\/li>\n<li class=\"wixui-rich-text__text\">\n<p class=\"font_9 wixui-rich-text__text\"><strong><span class=\"color_36 wixui-rich-text__text\"><span class=\"wixui-rich-text__text\">Eine Praxis f\u00fcr Halbstarke<\/span><\/span><\/strong><\/p>\n<p class=\"font_9 wixui-rich-text__text\"><span class=\"color_36 wixui-rich-text__text\">Wenn Sie Kinder- und Jugendliche kennen, die Hilfe und Unterst\u00fctzung ben\u00f6tigen, Sie aber im Moment nicht den Weg sehen, wie das zu organisieren ist<br class=\"wixui-rich-text__text\" \/><br class=\"wixui-rich-text__text\" \/><\/span><\/p>\n<\/li>\n<li class=\"wixui-rich-text__text\">\n<p class=\"font_9 wixui-rich-text__text\"><strong><span class=\"color_36 wixui-rich-text__text\"><span class=\"wixui-rich-text__text\">All-Inclusive im Intershop<\/span><\/span><\/strong><\/p>\n<p class=\"font_9 wixui-rich-text__text\"><span class=\"color_36 wixui-rich-text__text\">Wenn Sie weg von Parallelgesellschaften hin zu Gemeinsamkeiten im Zusammenleben mit Menschen aus unterschiedlichen Herkunftsl\u00e4ndern wollen<br class=\"wixui-rich-text__text\" \/><br class=\"wixui-rich-text__text\" \/><\/span><\/p>\n<\/li>\n<li class=\"wixui-rich-text__text\">\n<p class=\"font_9 wixui-rich-text__text\"><strong><span class=\"color_36 wixui-rich-text__text\"><span class=\"wixui-rich-text__text\">Generationen-Rugby<\/span><\/span><\/strong><\/p>\n<p class=\"font_9 wixui-rich-text__text\"><span class=\"color_36 wixui-rich-text__text\">Wenn Sie mit daf\u00fcr sorgen m\u00f6chten, dass j\u00fcngere und \u00e4ltere Menschen sich besser verstehen lernen und sich gegenseitig unterst\u00fctzen<\/span><\/p>\n<\/li>\n<\/ul>\n<p>[\/et_pb_text][\/et_pb_column][\/et_pb_row][\/et_pb_section][et_pb_section fb_built=&#8220;1&#8243; _builder_version=&#8220;4.27.4&#8243; _module_preset=&#8220;default&#8220; custom_padding=&#8220;0px||50px||false|false&#8220; global_colors_info=&#8220;{}&#8220;][et_pb_row column_structure=&#8220;1_2,1_2&#8243; use_custom_gutter=&#8220;on&#8220; gutter_width=&#8220;2&#8243; _builder_version=&#8220;4.27.4&#8243; _module_preset=&#8220;default&#8220; background_color=&#8220;#f0f0f0&#8243; width=&#8220;95%&#8220; width_tablet=&#8220;85%&#8220; width_phone=&#8220;85%&#8220; width_last_edited=&#8220;on|tablet&#8220; max_width=&#8220;2560px&#8220; custom_margin=&#8220;86px||||false|false&#8220; custom_padding=&#8220;0px||0px||true|false&#8220; global_colors_info=&#8220;{}&#8220;][et_pb_column type=&#8220;1_2&#8243; _builder_version=&#8220;4.27.4&#8243; _module_preset=&#8220;default&#8220; global_colors_info=&#8220;{}&#8220;][et_pb_heading title=&#8220;Freiwillige gesucht!&#8220; module_class=&#8220;main&#8220; _builder_version=&#8220;4.27.4&#8243; _module_preset=&#8220;default&#8220; title_font=&#8220;|&#8211;et_global_heading_font_weight||on|||||&#8220; title_text_align=&#8220;center&#8220; title_font_size=&#8220;70px&#8220; width=&#8220;78%&#8220; module_alignment=&#8220;center&#8220; custom_margin=&#8220;||||false|false&#8220; custom_padding=&#8220;55px|0px|||false|false&#8220; custom_padding_tablet=&#8220;50px||||false|false&#8220; custom_padding_phone=&#8220;25px||||false|false&#8220; custom_padding_last_edited=&#8220;on|tablet&#8220; title_font_size_tablet=&#8220;60px&#8220; title_font_size_phone=&#8220;42px&#8220; title_font_size_last_edited=&#8220;on|tablet&#8220; custom_css_free_form=&#8220;.main{||  display: flex;||  flex-direction: column;||  justify-content: center;||  height: 100%;||}&#8220; global_colors_info=&#8220;{}&#8220;][\/et_pb_heading][et_pb_text _builder_version=&#8220;4.27.4&#8243; _module_preset=&#8220;default&#8220; text_font_size=&#8220;20px&#8220; header_text_align=&#8220;center&#8220; text_orientation=&#8220;center&#8220; width=&#8220;78%&#8220; module_alignment=&#8220;center&#8220; custom_margin=&#8220;||||false|true&#8220; text_font_size_tablet=&#8220;18px&#8220; text_font_size_phone=&#8220;16px&#8220; text_font_size_last_edited=&#8220;on|tablet&#8220; global_colors_info=&#8220;{}&#8220;]<\/p>\n<p>Wir brauchen Sie, als<br \/>Mit-Helfer, Mit-Architekten und Ideen-Geber.<\/p>\n<p>[\/et_pb_text][et_pb_text _builder_version=&#8220;4.27.4&#8243; _module_preset=&#8220;default&#8220; text_font_size=&#8220;15px&#8220; text_orientation=&#8220;center&#8220; width=&#8220;60%&#8220; width_tablet=&#8220;75%&#8220; width_phone=&#8220;80%&#8220; width_last_edited=&#8220;on|tablet&#8220; module_alignment=&#8220;center&#8220; text_font_size_tablet=&#8220;14px&#8220; text_font_size_phone=&#8220;14px&#8220; text_font_size_last_edited=&#8220;on|tablet&#8220; global_colors_info=&#8220;{}&#8220;]<\/p>\n<p>Wir bieten Ihnen:<\/p>\n<ul>\n<li>Konkrete Unterst\u00fctzung bei der Realisierung Ihrer Ideen<\/li>\n<li>Projektpartner an verschiedenen Orten<\/li>\n<li>Innovatives Mitdenken und Mithandeln, Beratung und<br \/>Unterst\u00fctzung<\/li>\n<li>Unterst\u00fctzung bei der Gewinnung von<br \/>Projektfinanzierungsm\u00f6glichkeiten<\/li>\n<\/ul>\n<p>[\/et_pb_text][\/et_pb_column][et_pb_column type=&#8220;1_2&#8243; _builder_version=&#8220;4.27.4&#8243; _module_preset=&#8220;default&#8220; global_colors_info=&#8220;{}&#8220;][et_pb_image src=&#8220;https:\/\/www.magnet-ruhrgebiet.de\/wp-content\/uploads\/2025\/08\/02209531-fd62-432f-8a9.png&#8220; title_text=&#8220;02209531-fd62-432f-8a9&#8243; show_bottom_space=&#8220;off&#8220; align=&#8220;center&#8220; _builder_version=&#8220;4.27.4&#8243; _module_preset=&#8220;default&#8220; width=&#8220;100%&#8220; module_alignment=&#8220;center&#8220; custom_margin=&#8220;||||true|false&#8220; custom_padding=&#8220;||||false|false&#8220; global_colors_info=&#8220;{}&#8220;][\/et_pb_image][\/et_pb_column][\/et_pb_row][\/et_pb_section]<\/p>\n","protected":false},"excerpt":{"rendered":"<p>Magnet Ruhrgebiet e.V. m\u00f6chte besonders die Menschen anziehen und einbeziehen, die konkrete Ideen realisieren wollen. Wie soll die Welt aussehen, in der wir leben? Viele Menschen stellen sich diese Frage und viele Menschen entscheiden sich, ihr Lebensumfeld aktiv mitzugestalten. Vielleicht haben Sie schon konkrete Ideen, wie Sie Pl\u00e4tzen, Innenh\u00f6fen, leer stehenden Geb\u00e4uden oder grauen Stra\u00dfen [&hellip;]<\/p>\n","protected":false},"author":4,"featured_media":0,"parent":0,"menu_order":0,"comment_status":"closed","ping_status":"closed","template":"","meta":{"_et_pb_use_builder":"on","_et_pb_old_content":"","_et_gb_content_width":"","footnotes":""},"class_list":["post-27","page","type-page","status-publish","hentry"],"_links":{"self":[{"href":"https:\/\/www.magnet-ruhrgebiet.de\/index.php?rest_route=\/wp\/v2\/pages\/27","targetHints":{"allow":["GET"]}}],"collection":[{"href":"https:\/\/www.magnet-ruhrgebiet.de\/index.php?rest_route=\/wp\/v2\/pages"}],"about":[{"href":"https:\/\/www.magnet-ruhrgebiet.de\/index.php?rest_route=\/wp\/v2\/types\/page"}],"author":[{"embeddable":true,"href":"https:\/\/www.magnet-ruhrgebiet.de\/index.php?rest_route=\/wp\/v2\/users\/4"}],"replies":[{"embeddable":true,"href":"https:\/\/www.magnet-ruhrgebiet.de\/index.php?rest_route=%2Fwp%2Fv2%2Fcomments&post=27"}],"version-history":[{"count":40,"href":"https:\/\/www.magnet-ruhrgebiet.de\/index.php?rest_route=\/wp\/v2\/pages\/27\/revisions"}],"predecessor-version":[{"id":433,"href":"https:\/\/www.magnet-ruhrgebiet.de\/index.php?rest_route=\/wp\/v2\/pages\/27\/revisions\/433"}],"wp:attachment":[{"href":"https:\/\/www.magnet-ruhrgebiet.de\/index.php?rest_route=%2Fwp%2Fv2%2Fmedia&parent=27"}],"curies":[{"name":"wp","href":"https:\/\/api.w.org\/{rel}","templated":true}]}}