{"id":29,"date":"2025-08-11T14:14:51","date_gmt":"2025-08-11T14:14:51","guid":{"rendered":"https:\/\/magnet.digital2go.de\/?page_id=29"},"modified":"2025-09-02T12:22:01","modified_gmt":"2025-09-02T11:22:01","slug":"spezialisten-fur-ambulantes-betreutes-wohnen","status":"publish","type":"page","link":"https:\/\/www.magnet-ruhrgebiet.de\/?page_id=29","title":{"rendered":"Spezialisten f\u00fcr Ambulantes Betreutes Wohnen"},"content":{"rendered":"<p>[et_pb_section fb_built=&#8220;1&#8243; _builder_version=&#8220;4.27.4&#8243; _module_preset=&#8220;default&#8220; min_height=&#8220;1852px&#8220; custom_padding=&#8220;0px||0px||true|false&#8220; global_colors_info=&#8220;{}&#8220; custom_padding__hover_enabled=&#8220;off|desktop&#8220;][et_pb_row column_structure=&#8220;1_2,1_2&#8243; _builder_version=&#8220;4.27.4&#8243; _module_preset=&#8220;default&#8220; background_color=&#8220;#f0f0f0&#8243; width=&#8220;100%&#8220; max_width=&#8220;2560px&#8220; module_alignment=&#8220;center&#8220; custom_margin=&#8220;||||false|false&#8220; global_colors_info=&#8220;{}&#8220;][et_pb_column type=&#8220;1_2&#8243; _builder_version=&#8220;4.27.4&#8243; _module_preset=&#8220;default&#8220; global_colors_info=&#8220;{}&#8220;][et_pb_heading title=&#8220;Die Spezialisten f\u00fcr ambulantes betreutes Wohnen&#8220; _builder_version=&#8220;4.27.4&#8243; _module_preset=&#8220;default&#8220; title_font=&#8220;|&#8211;et_global_heading_font_weight||on|||||&#8220; title_text_align=&#8220;center&#8220; title_font_size=&#8220;39px&#8220; width=&#8220;65%&#8220; width_tablet=&#8220;80%&#8220; width_phone=&#8220;78%&#8220; width_last_edited=&#8220;on|tablet&#8220; module_alignment=&#8220;center&#8220; custom_padding=&#8220;100px||||false|false&#8220; custom_padding_tablet=&#8220;50px||||false|false&#8220; custom_padding_phone=&#8220;50px||||false|false&#8220; custom_padding_last_edited=&#8220;on|tablet&#8220; title_font_size_tablet=&#8220;39px&#8220; title_font_size_phone=&#8220;32px&#8220; title_font_size_last_edited=&#8220;on|phone&#8220; global_colors_info=&#8220;{}&#8220;][\/et_pb_heading][et_pb_text _builder_version=&#8220;4.27.4&#8243; _module_preset=&#8220;default&#8220; text_font_size=&#8220;16px&#8220; text_line_height=&#8220;1.8em&#8220; text_orientation=&#8220;center&#8220; width=&#8220;65%&#8220; width_tablet=&#8220;80%&#8220; width_phone=&#8220;78%&#8220; width_last_edited=&#8220;on|tablet&#8220; module_alignment=&#8220;center&#8220; global_colors_info=&#8220;{}&#8220;]<\/p>\n<p><span>Ambulantes betreutes Wohnen<\/span><br class=\"wixui-rich-text__text\" \/><span>Sie leiden unter einer psychischen Erkrankung oder unter psychosozialen Problemen? Sie m\u00f6chten ein eigenst\u00e4ndiges Leben f\u00fchren und w\u00fcnschen sich dabei Unterst\u00fctzung?<\/span><br class=\"wixui-rich-text__text\" \/><span>Magnet Ruhrgebiet e.V. hilft Ihnen im Betreuten Wohnen (BeWo) Ihren Alltag leichter zu bew\u00e4ltigen.<\/span><\/p>\n<p>[\/et_pb_text][et_pb_text _builder_version=&#8220;4.27.4&#8243; _module_preset=&#8220;default&#8220; text_font_size=&#8220;14px&#8220; text_orientation=&#8220;center&#8220; width=&#8220;65%&#8220; module_alignment=&#8220;center&#8220; custom_margin=&#8220;||20px||false|false&#8220; custom_padding=&#8220;0px||0px||true|false&#8220; global_colors_info=&#8220;{}&#8220;]<\/p>\n<p>Wir kommen zu Ihnen nach Hause und helfen Ihnen bei<\/p>\n<p>[\/et_pb_text][et_pb_text module_class=&#8220;meine-liste&#8220; _builder_version=&#8220;4.27.4&#8243; _module_preset=&#8220;default&#8220; text_font_size=&#8220;14px&#8220; ul_text_align=&#8220;left&#8220; width=&#8220;45%&#8220; width_tablet=&#8220;80%&#8220; width_phone=&#8220;78%&#8220; width_last_edited=&#8220;on|tablet&#8220; module_alignment=&#8220;center&#8220; custom_margin=&#8220;0px||0px||true|false&#8220; custom_padding=&#8220;||||true|true&#8220; custom_padding_tablet=&#8220;|||160px|true|false&#8220; custom_padding_phone=&#8220;|||25px|true|false&#8220; custom_padding_last_edited=&#8220;on|tablet&#8220; ul_text_align_tablet=&#8220;left&#8220; ul_text_align_last_edited=&#8220;off|tablet&#8220; text_orientation_tablet=&#8220;&#8220; text_orientation_phone=&#8220;&#8220; text_orientation_last_edited=&#8220;on|tablet&#8220; custom_css_free_form=&#8220;.meine-liste ul {||  list-style-position: inside;||  padding-left: 0;||  margin-left: 0;||}||||.meine-liste li {||  padding-left: 5px;||}||&#8220; global_colors_info=&#8220;{}&#8220;]<\/p>\n<ul>\n<li>der Bew\u00e4ltigung der Haushaltsf\u00fchrung<span class=\"color_15 wixui-rich-text__text\"><\/span><\/li>\n<li class=\"font_9 wixui-rich-text__text\">der Freizeitgestaltung<\/li>\n<li class=\"font_9 wixui-rich-text__text\">dem Aufbau und der Pflege von Kontakten<\/li>\n<li class=\"font_9 wixui-rich-text__text\">der Eingliederung in Arbeit oder Ausbildung<\/li>\n<li class=\"font_9 wixui-rich-text__text\">der Erhaltung Ihrer psychischen Stabilit\u00e4t<\/li>\n<li class=\"font_9 wixui-rich-text__text\">dem Kontakt zu \u00c4rzten und Therapeuten<\/li>\n<li class=\"font_9 wixui-rich-text__text\">der Regelung finanzieller Angelegenheiten<\/li>\n<li class=\"font_9 wixui-rich-text__text\">dem Umgang mit \u00c4mtern und Beh\u00f6rden<\/li>\n<\/ul>\n<p>[\/et_pb_text][et_pb_text _builder_version=&#8220;4.27.4&#8243; _module_preset=&#8220;default&#8220; text_font_size=&#8220;14px&#8220; text_orientation=&#8220;center&#8220; width=&#8220;65%&#8220; module_alignment=&#8220;center&#8220; custom_margin=&#8220;20px||||false|false&#8220; global_colors_info=&#8220;{}&#8220;]<\/p>\n<p><span class=\"color_15 wixui-rich-text__text\"><span>Ihre pers\u00f6nlichen M\u00f6glichkeiten, F\u00e4higkeiten und Bed\u00fcrfnisse bestimmen den Umfang und den zeitlichen Rahmen unserer Hilfestellung.<\/span><\/span><\/p>\n<p><span class=\"color_15 wixui-rich-text__text\"><span><\/span><\/span><\/p>\n<p><span class=\"color_15 wixui-rich-text__text\"><span>Hier k\u00f6nnen Sie unsere\u00a0KONZEPTION DES BETREUTEN WOHNENS F\u00dcR PSYCHISCH KRANKE downloaden:<\/span><\/span><\/p>\n<p>[\/et_pb_text][et_pb_button button_url=&#8220;https:\/\/www.magnet-ruhrgebiet.de\/wp-content\/uploads\/2025\/08\/Konzeption.pdf&#8220; url_new_window=&#8220;on&#8220; button_text=&#8220;DOWNLOAD Konzeption&#8220; button_alignment=&#8220;center&#8220; _builder_version=&#8220;4.27.4&#8243; _module_preset=&#8220;default&#8220; custom_margin=&#8220;65px|||0px|false|false&#8220; custom_margin_tablet=&#8220;45px|100px||100px|false|true&#8220; custom_margin_phone=&#8220;45px|0px||0px|false|true&#8220; custom_margin_last_edited=&#8220;on|tablet&#8220; custom_padding=&#8220;|||25px|false|false&#8220; custom_padding_tablet=&#8220;|25px||25px|false|true&#8220; custom_padding_phone=&#8220;|25px||25px|false|true&#8220; custom_padding_last_edited=&#8220;on|tablet&#8220; custom_css_free_form=&#8220;.et_pb_button {||  border-radius: 800px !important;||  color:#4c649c;||  font-size: 17px !important;||  font-weight: 300 !important;||  padding: 12px 20px !important;||  line-height: 1.2 !important;||  border-width: 1px;||}||||.et_pb_button:hover {||  background-color: #4c649c !important;||  color: #fff;||  border-radius: 800px !important;||  font-size: 17px !important;||  font-weight: 300 !important;||  padding: 12px 20px !important;||  line-height: 1.2 !important;||  border-width: 1px;||} ||||.et_pb_button:after {||  display: none !important;||}&#8220; global_colors_info=&#8220;{}&#8220;][\/et_pb_button][\/et_pb_column][et_pb_column type=&#8220;1_2&#8243; _builder_version=&#8220;4.27.4&#8243; _module_preset=&#8220;default&#8220; global_colors_info=&#8220;{}&#8220;][et_pb_image src=&#8220;https:\/\/www.magnet-ruhrgebiet.de\/wp-content\/uploads\/2025\/09\/Lucid_Origin_Professional_lifestyle_photography_of_three_peopl_2.jpg&#8220; title_text=&#8220;Lucid_Origin_Professional_lifestyle_photography_of_three_peopl_2&#8243; _builder_version=&#8220;4.27.4&#8243; _module_preset=&#8220;default&#8220; width_tablet=&#8220;90%&#8220; width_phone=&#8220;85%&#8220; width_last_edited=&#8220;on|tablet&#8220; custom_margin=&#8220;78px|70px|||false|false&#8220; filter_brightness=&#8220;107%&#8220; filter_contrast=&#8220;88%&#8220; hover_enabled=&#8220;0&#8243; module_alignment_tablet=&#8220;center&#8220; module_alignment_phone=&#8220;center&#8220; module_alignment_last_edited=&#8220;on|tablet&#8220; global_colors_info=&#8220;{}&#8220; sticky_enabled=&#8220;0&#8243;][\/et_pb_image][\/et_pb_column][\/et_pb_row][et_pb_row column_structure=&#8220;1_2,1_2&#8243; _builder_version=&#8220;4.27.4&#8243; _module_preset=&#8220;default&#8220; background_color=&#8220;#4c649c&#8220; z_index=&#8220;0&#8243; width=&#8220;94%&#8220; width_tablet=&#8220;90%&#8220; width_phone=&#8220;90%&#8220; width_last_edited=&#8220;on|tablet&#8220; max_width=&#8220;2560px&#8220; height_tablet=&#8220;&#8220; height_phone=&#8220;&#8220; height_last_edited=&#8220;on|tablet&#8220; custom_margin=&#8220;70px||||false|false&#8220; custom_margin_tablet=&#8220;25px||||false|false&#8220; custom_margin_phone=&#8220;25px||||false|false&#8220; custom_margin_last_edited=&#8220;on|tablet&#8220; custom_padding=&#8220;0px||0px||true|false&#8220; global_colors_info=&#8220;{}&#8220;][et_pb_column type=&#8220;1_2&#8243; _builder_version=&#8220;4.27.4&#8243; _module_preset=&#8220;default&#8220; global_colors_info=&#8220;{}&#8220;][et_pb_text _builder_version=&#8220;4.27.4&#8243; _module_preset=&#8220;default&#8220; text_text_color=&#8220;#FFFFFF&#8220; text_font_size=&#8220;16px&#8220; width=&#8220;65%&#8220; width_tablet=&#8220;80%&#8220; width_phone=&#8220;78%&#8220; width_last_edited=&#8220;on|tablet&#8220; module_alignment=&#8220;center&#8220; custom_padding=&#8220;30px|||25px|false|false&#8220; custom_padding_tablet=&#8220;70px||||false|false&#8220; custom_padding_phone=&#8220;70px||||false|false&#8220; custom_padding_last_edited=&#8220;on|tablet&#8220; text_font_size_tablet=&#8220;16px&#8220; text_font_size_phone=&#8220;15px&#8220; text_font_size_last_edited=&#8220;on|phone&#8220; global_colors_info=&#8220;{}&#8220;]<\/p>\n<p style=\"text-align: center;\">KOSTEN\u00dcBERNAHME\/FINANZIERUNG DES AMBULANTEN<\/p>\n<p style=\"text-align: center;\">\n<p style=\"text-align: center;\">BETREUTEN WOHNENS<\/p>\n<p>[\/et_pb_text][et_pb_text _builder_version=&#8220;4.27.4&#8243; _module_preset=&#8220;default&#8220; text_text_color=&#8220;#FFFFFF&#8220; text_font_size=&#8220;15px&#8220; text_orientation=&#8220;center&#8220; width=&#8220;75%&#8220; width_tablet=&#8220;80%&#8220; width_phone=&#8220;78%&#8220; width_last_edited=&#8220;on|tablet&#8220; module_alignment=&#8220;center&#8220; custom_padding=&#8220;|||25px|false|false&#8220; text_font_size_tablet=&#8220;15px&#8220; text_font_size_phone=&#8220;14px&#8220; text_font_size_last_edited=&#8220;on|phone&#8220; global_colors_info=&#8220;{}&#8220;]<\/p>\n<p><span>Die Kosten f\u00fcr das Betreute Wohnen werden bei geringem Einkommen vom Landschaftsverband Rheinland \u00fcbernommen.<\/span><\/p>\n<p><span><\/span><\/p>\n<p><span>Bei der Antragstellung f\u00fcr die Bewilligung von Leistungen der ambulanten Eingliederungshilfe nach \u00a7 53 ff SGB XII sind wir Ihnen gerne behilflich.<\/span><\/p>\n<p><span><\/span><\/p>\n<p><span>Auch f\u00fcr Selbstzahler steht unser Angebot zur Verf\u00fcgung. Die Betreuung erfolgt \u00fcber Fachleistungsstunden.<\/span><\/p>\n<p>[\/et_pb_text][\/et_pb_column][et_pb_column type=&#8220;1_2&#8243; _builder_version=&#8220;4.27.4&#8243; _module_preset=&#8220;default&#8220; global_colors_info=&#8220;{}&#8220;][et_pb_image src=&#8220;https:\/\/www.magnet-ruhrgebiet.de\/wp-content\/uploads\/2025\/08\/02209531-fd62-432f-8a9.png&#8220; title_text=&#8220;02209531-fd62-432f-8a9&#8243; show_bottom_space=&#8220;off&#8220; _builder_version=&#8220;4.27.4&#8243; _module_preset=&#8220;default&#8220; width_tablet=&#8220;90%&#8220; width_phone=&#8220;90%&#8220; width_last_edited=&#8220;on|tablet&#8220; module_alignment=&#8220;center&#8220; custom_margin=&#8220;||||false|false&#8220; custom_padding=&#8220;0px||0px||false|false&#8220; custom_padding_tablet=&#8220;0px||30px||false|false&#8220; custom_padding_phone=&#8220;0px||30px||false|false&#8220; custom_padding_last_edited=&#8220;on|tablet&#8220; global_colors_info=&#8220;{}&#8220;][\/et_pb_image][\/et_pb_column][\/et_pb_row][\/et_pb_section]<\/p>\n","protected":false},"excerpt":{"rendered":"<p>Ambulantes betreutes WohnenSie leiden unter einer psychischen Erkrankung oder unter psychosozialen Problemen? Sie m\u00f6chten ein eigenst\u00e4ndiges Leben f\u00fchren und w\u00fcnschen sich dabei Unterst\u00fctzung?Magnet Ruhrgebiet e.V. hilft Ihnen im Betreuten Wohnen (BeWo) Ihren Alltag leichter zu bew\u00e4ltigen.Wir kommen zu Ihnen nach Hause und helfen Ihnen bei der Bew\u00e4ltigung der Haushaltsf\u00fchrung der Freizeitgestaltung dem Aufbau und der [&hellip;]<\/p>\n","protected":false},"author":4,"featured_media":0,"parent":0,"menu_order":0,"comment_status":"closed","ping_status":"closed","template":"","meta":{"_et_pb_use_builder":"on","_et_pb_old_content":"","_et_gb_content_width":"","footnotes":""},"class_list":["post-29","page","type-page","status-publish","hentry"],"_links":{"self":[{"href":"https:\/\/www.magnet-ruhrgebiet.de\/index.php?rest_route=\/wp\/v2\/pages\/29","targetHints":{"allow":["GET"]}}],"collection":[{"href":"https:\/\/www.magnet-ruhrgebiet.de\/index.php?rest_route=\/wp\/v2\/pages"}],"about":[{"href":"https:\/\/www.magnet-ruhrgebiet.de\/index.php?rest_route=\/wp\/v2\/types\/page"}],"author":[{"embeddable":true,"href":"https:\/\/www.magnet-ruhrgebiet.de\/index.php?rest_route=\/wp\/v2\/users\/4"}],"replies":[{"embeddable":true,"href":"https:\/\/www.magnet-ruhrgebiet.de\/index.php?rest_route=%2Fwp%2Fv2%2Fcomments&post=29"}],"version-history":[{"count":44,"href":"https:\/\/www.magnet-ruhrgebiet.de\/index.php?rest_route=\/wp\/v2\/pages\/29\/revisions"}],"predecessor-version":[{"id":431,"href":"https:\/\/www.magnet-ruhrgebiet.de\/index.php?rest_route=\/wp\/v2\/pages\/29\/revisions\/431"}],"wp:attachment":[{"href":"https:\/\/www.magnet-ruhrgebiet.de\/index.php?rest_route=%2Fwp%2Fv2%2Fmedia&parent=29"}],"curies":[{"name":"wp","href":"https:\/\/api.w.org\/{rel}","templated":true}]}}