{"id":33,"date":"2025-08-11T14:15:15","date_gmt":"2025-08-11T14:15:15","guid":{"rendered":"https:\/\/magnet.digital2go.de\/?page_id=33"},"modified":"2025-08-25T10:07:43","modified_gmt":"2025-08-25T10:07:43","slug":"impressum","status":"publish","type":"page","link":"https:\/\/www.magnet-ruhrgebiet.de\/?page_id=33","title":{"rendered":"Impressum"},"content":{"rendered":"<p>[et_pb_section fb_built=&#8220;1&#8243; _builder_version=&#8220;4.27.4&#8243; _module_preset=&#8220;default&#8220; custom_padding=&#8220;0px||0px||true|false&#8220; global_colors_info=&#8220;{}&#8220;][et_pb_row _builder_version=&#8220;4.27.4&#8243; _module_preset=&#8220;default&#8220; background_color=&#8220;#f0f0f0&#8243; width=&#8220;100%&#8220; max_width=&#8220;2560px&#8220; custom_margin=&#8220;||||false|false&#8220; custom_padding=&#8220;||||false|false&#8220; global_colors_info=&#8220;{}&#8220;][et_pb_column type=&#8220;4_4&#8243; _builder_version=&#8220;4.27.4&#8243; _module_preset=&#8220;default&#8220; global_colors_info=&#8220;{}&#8220;][et_pb_text content_tablet=&#8220;<\/p>\n<p>Magnet Ruhrgebiet E.V.<br \/>Ihre Ansprechpartner<\/p>\n<p>&#8220; content_phone=&#8220;<\/p>\n<p>Magnet<br \/>Ruhrgebiet E.V.<br \/>Ihre Ansprechpartner<\/p>\n<p>&#8220; content_last_edited=&#8220;on|phone&#8220; _builder_version=&#8220;4.27.4&#8243; _module_preset=&#8220;default&#8220; text_font=&#8220;|||on|||||&#8220; text_font_size=&#8220;40px&#8220; text_line_height=&#8220;1.2em&#8220; text_orientation=&#8220;center&#8220; max_width_tablet=&#8220;&#8220; max_width_phone=&#8220;85%&#8220; max_width_last_edited=&#8220;on|phone&#8220; module_alignment=&#8220;center&#8220; custom_padding=&#8220;60px||||false|false&#8220; text_font_size_tablet=&#8220;40px&#8220; text_font_size_phone=&#8220;30px&#8220; text_font_size_last_edited=&#8220;on|phone&#8220; text_line_height_tablet=&#8220;&#8220; text_line_height_phone=&#8220;1.2em&#8220; text_line_height_last_edited=&#8220;on|phone&#8220; header_font_size_tablet=&#8220;&#8220; header_font_size_phone=&#8220;36px&#8220; header_font_size_last_edited=&#8220;on|phone&#8220; global_colors_info=&#8220;{}&#8220;]<\/p>\n<p>Magnet Ruhrgebiet E.V.<br \/>Ihre Ansprechpartner<\/p>\n<p>[\/et_pb_text][et_pb_text _builder_version=&#8220;4.27.4&#8243; _module_preset=&#8220;default&#8220; text_font=&#8220;||||||||&#8220; text_font_size=&#8220;15px&#8220; text_orientation=&#8220;center&#8220; custom_padding=&#8220;||60px||false|false&#8220; global_colors_info=&#8220;{}&#8220;]<\/p>\n<p>J\u00fcrgen Stirnberg<br \/>Telefon 0201 7595825<br \/><span style=\"text-decoration: underline;\"><a href=\"mailto:jstirnberg@magnet-ruhrgebiet.de\">jstirnberg@magnet-ruhrgebiet.de<\/a><\/span><\/p>\n<p>&nbsp;<\/p>\n<p>Magdalena Schenk<br \/>Telefon 0201 7595825<br \/><span style=\"text-decoration: underline;\"><a href=\"mailto:mschenk@magnet-ruhrgebiet.de\">mschenk@magnet-ruhrgebiet.de<\/a><\/span><\/p>\n<p>&nbsp;<\/p>\n<p>Nina Hauschild<br \/>Telefon 0201 7595825<br \/><span style=\"text-decoration: underline;\"><a href=\"mailto:nhauschild@magnet-ruhrgebiet.de\">nhauschild@magnet-ruhrgebiet.de<\/a><\/span><\/p>\n<p>&nbsp;<\/p>\n<p>Am Krausen B\u00e4umchen 3<br \/>45136 Essen<\/p>\n<p>&nbsp;<\/p>\n<p><a href=\"mailto:info@magnet-ruhrgebiet.de\">info@magnet-ruhrgebiet.de<\/a><\/p>\n<p>+49 201 7595825<\/p>\n<p>[\/et_pb_text][\/et_pb_column][\/et_pb_row][et_pb_row _builder_version=&#8220;4.27.4&#8243; _module_preset=&#8220;default&#8220; background_color=&#8220;#4c649c&#8220; width=&#8220;100%&#8220; max_width=&#8220;2560px&#8220; global_colors_info=&#8220;{}&#8220;][et_pb_column type=&#8220;4_4&#8243; _builder_version=&#8220;4.27.4&#8243; _module_preset=&#8220;default&#8220; global_colors_info=&#8220;{}&#8220;][et_pb_heading title=&#8220;Impressum&#8220; _builder_version=&#8220;4.27.4&#8243; _module_preset=&#8220;default&#8220; title_font=&#8220;|||on|||||&#8220; title_text_align=&#8220;center&#8220; title_text_color=&#8220;#FFFFFF&#8220; title_font_size=&#8220;40px&#8220; custom_padding=&#8220;60px||||false|false&#8220; title_font_size_tablet=&#8220;40px&#8220; title_font_size_phone=&#8220;30px&#8220; title_font_size_last_edited=&#8220;on|phone&#8220; global_colors_info=&#8220;{}&#8220;][\/et_pb_heading][et_pb_text _builder_version=&#8220;4.27.4&#8243; _module_preset=&#8220;default&#8220; text_text_color=&#8220;#FFFFFF&#8220; text_font_size=&#8220;15px&#8220; header_text_color=&#8220;#FFFFFF&#8220; header_6_text_color=&#8220;#FFFFFF&#8220; text_orientation=&#8220;center&#8220; max_width=&#8220;50%&#8220; max_width_tablet=&#8220;70%&#8220; max_width_phone=&#8220;70%&#8220; max_width_last_edited=&#8220;on|tablet&#8220; module_alignment=&#8220;center&#8220; custom_margin=&#8220;0px||||false|false&#8220; custom_padding=&#8220;0px||0px||true|false&#8220; global_colors_info=&#8220;{}&#8220;]<\/p>\n<p>Magnet Ruhrgebiet e.V. Am Krausen B\u00e4umchen 3 45136 Essen<br \/>Vereinsregister: 4797 Registergericht: Amtsgericht Essen<br \/>Vertreten durch: Colja M. Dams, J\u00fcrgen Stirnberg, Thomas Manderscheid<br \/>Kontakt Telefon: +49(0)201-7595825 Telefax: +49(0)201-7595827 E-Mail:\u00a0info@magnet-ruhrgebiet.de\u00a0Verbraucherstreitbeilegung\/Universalschlichtungsstelle<br \/>Wir sind nicht bereit oder verpflichtet, an Streitbeilegungsverfahren vor einer Verbraucherschlichtungsstelle teilzunehmen.<\/p>\n<p>[\/et_pb_text][et_pb_button button_url=&#8220;https:\/\/www.magnet-ruhrgebiet.de\/wp-content\/uploads\/2025\/08\/Datenschutz.pdf&#8220; url_new_window=&#8220;on&#8220; button_text=&#8220;Datenschutzkl\u00e4rung&#8220; button_alignment=&#8220;center&#8220; _builder_version=&#8220;4.27.4&#8243; _module_preset=&#8220;default&#8220; hover_enabled=&#8220;0&#8243; custom_css_free_form=&#8220;.et_pb_button {||  border-radius: 800px !important;||  border-color: #fff !important;||  color: #fff;||  font-size: 17px !important;||  font-weight: 300 !important;||  padding: 12px 20px !important;||  line-height: 1.2 !important;||  border: none;||}||||.et_pb_button:hover {||  background-color: #fff !important;||  color: #4c649c;||  border-radius: 800px !important;||  border-color: #fff;||  font-size: 17px !important;||  font-weight: 300 !important;||  padding: 12px 20px !important;||  line-height: 1.2 !important;||  border-width: 1px;||} ||||.et_pb_button:after {||  display: none !important;||}&#8220; global_colors_info=&#8220;{}&#8220; sticky_enabled=&#8220;0&#8243;][\/et_pb_button][\/et_pb_column][\/et_pb_row][\/et_pb_section]<\/p>\n","protected":false},"excerpt":{"rendered":"<p>Magnet Ruhrgebiet E.V.Ihre AnsprechpartnerJ\u00fcrgen StirnbergTelefon 0201 7595825jstirnberg@magnet-ruhrgebiet.de &nbsp; Magdalena SchenkTelefon 0201 7595825mschenk@magnet-ruhrgebiet.de &nbsp; Nina HauschildTelefon 0201 7595825nhauschild@magnet-ruhrgebiet.de &nbsp; Am Krausen B\u00e4umchen 345136 Essen &nbsp; info@magnet-ruhrgebiet.de +49 201 7595825Magnet Ruhrgebiet e.V. Am Krausen B\u00e4umchen 3 45136 EssenVereinsregister: 4797 Registergericht: Amtsgericht EssenVertreten durch: Colja M. Dams, J\u00fcrgen Stirnberg, Thomas ManderscheidKontakt Telefon: +49(0)201-7595825 Telefax: +49(0)201-7595827 E-Mail:\u00a0info@magnet-ruhrgebiet.de\u00a0Verbraucherstreitbeilegung\/UniversalschlichtungsstelleWir sind nicht [&hellip;]<\/p>\n","protected":false},"author":4,"featured_media":0,"parent":0,"menu_order":0,"comment_status":"closed","ping_status":"closed","template":"","meta":{"_et_pb_use_builder":"on","_et_pb_old_content":"","_et_gb_content_width":"","footnotes":""},"class_list":["post-33","page","type-page","status-publish","hentry"],"_links":{"self":[{"href":"https:\/\/www.magnet-ruhrgebiet.de\/index.php?rest_route=\/wp\/v2\/pages\/33","targetHints":{"allow":["GET"]}}],"collection":[{"href":"https:\/\/www.magnet-ruhrgebiet.de\/index.php?rest_route=\/wp\/v2\/pages"}],"about":[{"href":"https:\/\/www.magnet-ruhrgebiet.de\/index.php?rest_route=\/wp\/v2\/types\/page"}],"author":[{"embeddable":true,"href":"https:\/\/www.magnet-ruhrgebiet.de\/index.php?rest_route=\/wp\/v2\/users\/4"}],"replies":[{"embeddable":true,"href":"https:\/\/www.magnet-ruhrgebiet.de\/index.php?rest_route=%2Fwp%2Fv2%2Fcomments&post=33"}],"version-history":[{"count":22,"href":"https:\/\/www.magnet-ruhrgebiet.de\/index.php?rest_route=\/wp\/v2\/pages\/33\/revisions"}],"predecessor-version":[{"id":408,"href":"https:\/\/www.magnet-ruhrgebiet.de\/index.php?rest_route=\/wp\/v2\/pages\/33\/revisions\/408"}],"wp:attachment":[{"href":"https:\/\/www.magnet-ruhrgebiet.de\/index.php?rest_route=%2Fwp%2Fv2%2Fmedia&parent=33"}],"curies":[{"name":"wp","href":"https:\/\/api.w.org\/{rel}","templated":true}]}}